{"id":4279,"date":"2024-11-01T00:49:17","date_gmt":"2024-11-01T00:49:17","guid":{"rendered":"https:\/\/www.stamm.bio\/?page_id=4279"},"modified":"2026-03-10T14:52:20","modified_gmt":"2026-03-10T14:52:20","slug":"bio-ia","status":"publish","type":"page","link":"https:\/\/www.stamm.bio\/es\/bio-ia\/","title":{"rendered":"Bio IA"},"content":{"rendered":"<\/div>\n<section id=\"el-6574\" class=\"hero mvp big-hero f-negro\"  id=\"\">\n\t<div class=\"test-imagen\"><\/div>\n\t\t\t<div class=\"video-back\" data-aspect=\"1.7777777777778\">\n\t\t<div class=\"video-container\">\n\t\t\t<video loop=\"loop\" autoplay=\"true\" playsinline=\"true\" muted=\"true\" id=\"mejs_6204682393310839_html5\" preload=\"none\" src=\"https:\/\/www.stamm.bio\/wp-content\/uploads\/2024\/11\/Transomics-Fold-Bio-AI-IntroFinal-2_1_1.mp4\">\n\t\t\t\t\t\t\t<source type=\"video\/mp4\" src=\"html5\" preload=\"none\" src=\"https:\/\/www.stamm.bio\/wp-content\/uploads\/2024\/11\/Transomics-Fold-Bio-AI-IntroFinal-2_1_1.mp4\">\n\t\t\t\t\n\t\t\t\t\t\t<\/video>\n\t\t<\/div>\n\t<\/div>\n\t\t<div class=\"main-container\">\n\t\t<div class=\"contenedor-principal\" data-anim=true data-scroll-speed=.5 style=\"background-image:url('')\">\n\t\t\t<h1 class=\"sub-mega\"><p>Atlas de Redes Multi-Omicas<\/p>\n<\/h1>\t\t\n\t\t\t\t\t\t<div class=\"bajada subtit-tres\">\n\t\t\t\t<p><strong>MoNA\u2122<\/strong> aprovecha los m\u00e9todos in-silico de nuestra plataforma trans\u00f3mica para mapear el comportamiento biomolecular de las c\u00e9lulas con sus condiciones ambientales experimentales.<\/p>\n\t\t\t\t\t\n\t\t\t\t<\/div>\n\t\t\t\t\t\t\t\t\t\t\t<div class=\"cta-container\">\n\t\t\t\t\n\t\t\t\n\t\t\t\t\t<a class=\"boton\" onclick=\"openForm(3801)\">Cont\u00e1ctenos<\/a>\n\t\t\t\t\t<\/div>\n\t\t\t\t\t\t\t\t\n\t\t<\/div>\n\t\t\n\t<\/div>\n\t\t<\/section>\n<div class=\"main-container\">\n\n \n<\/div>\n<section class=\"hero phrase-hero  f-negro\"  style=\"background-image:url('https:\/\/www.stamm.bio\/wp-content\/uploads\/2024\/11\/transomics-two.jpg')\"  id=\"\">\n\t\t<div class=\"main-container\">\n\t\t<div class=\"contenedor-principal highlighted-content inner-padding blurred-container  \"     data-anim=true data-scroll-speed=1>\n\t\t\t<div class=\"text \">\n\t\t\t\t<h2 class=\"tit-uno\"><p>Potencie sus ciclos de bioinnovaci\u00f3n.<\/p>\n<\/h2>\n\t\t\t\t<p>Para conseguir tomar decisiones biomoleculares de alta precisi\u00f3n, MoNA<strong>\u2122<\/strong> est\u00e1 dise\u00f1ado para biotecn\u00f3logos y bi\u00f3logos moleculares con el fin de ayudarles a reducir la incertidumbre y el riesgo durante el dise\u00f1o, la ejecuci\u00f3n y la interpretaci\u00f3n de ensayos en el laboratorio.<\/p>\n\t\n\t\t\t<\/div>\n\t\t\t\n\t\t\t\t\t\t\t\t\t\t\t<div class=\"cta-container\">\n\t\t\t\t\n\t\t\t\n\t\t\t\t\t<a class=\"boton\" onclick=\"openForm(3801)\">Cont\u00e1ctenos<\/a>\n\t\t\t\t\t<\/div>\n\t\t\t\t\t\t\t<\/div>\n\t\t\n\t<\/div>\n\t<div class=\"contenedor-secundario blurred-container  \"     data-anim=true data-scroll-speed=.3><\/div>\n<\/section>\n<div class=\"main-container\">\n\n\n<\/div>\n<section class=\"modulo-biorreactor-new new-modules  f-negro\" id=\"\">\n\t\t<header class=\" block-header \" >\n\t\t<div class=\"main-container\">\n\t\t<h2 class=\"tit-dos\">El aliado de su equipo de biolog\u00eda.<\/h2>\n\t\t<div class=\"contenido\"><\/div>\n\t\t\t\t<div class=\"cta-container\">\n\t\t\t\n\t\t\t<a href=\"https:\/\/mona.stamm.bio\/\" target=\"_blank\" class=\"boton\">Explore MoNA\u2122<\/a>\n\t\t<\/div>\n\t\t\t\t\t\t<\/div>\n\t<\/header>\n\t\n\t<div class=\"main-container\">\n\t\t\n\t\t\n\t<main class=\"\">\n\t\t\n\t\t<img decoding=\"async\" alt=\"Biorreactor\" src=\"https:\/\/www.stamm.bio\/wp-content\/uploads\/2024\/12\/Artboard-1.png\" height=602 width=1440 alt=\"\" >\n\t\t\n\t<\/main>\n\t<\/div>\n\t\n<\/section>\n<div class=\"main-container\">\n\n<\/div>\n<section class=\"modulo-parrafos f-negro\" id=\"\">\n\t\t<div class=\"main-container\">\n\t\t<div class=\"columns-container three-cols\">\n\t\t\t\t\t\t\t<article class=\"column content-article one\">\n\t\t\t\t\t<h3>Investigaci\u00f3n y desarrollo.<\/h3>\n<p>Identifique objetivos biol\u00f3gicos, recomendacioenes de biomarcadores y descifre los procesos de diferenciaci\u00f3n de las c\u00e9lulas madre.<\/p>\n\t\t\t\t<\/article>\n\t\t\t\t\t\t\t<article class=\"column content-article one\">\n\t\t\t\t\t<h3>Terapias y ensayos precl\u00ednicos in vitro.<\/h3>\n<p>Acelere la validaci\u00f3n m\u00e9dica gestionando datos de an\u00e1lisis de perturbaciones, priorizaci\u00f3n de biomol\u00e9culas, simulaci\u00f3n del estado celular y optimizaci\u00f3n de ensayos in vitro.<\/p>\n\t\t\t\t<\/article>\n\t\t\t\t\t\t\t<article class=\"column content-article one\">\n\t\t\t\t\t<h3>Escalado y biomanufactura.<\/h3>\n<p>Modele su organismo multi\u00f3mico en diferentes condiciones ambientales para obtener simulaciones \u00fatiles y predictivas.<\/p>\n\t\t\t\t<\/article>\n\t\t\t\t\t<\/div>\n\t<\/div>\n<\/section>\n<div class=\"main-container\">\n\n<\/div>\n<section class=\"modulo-news modulo-slides new-modules  f-blanco\" id=\"\">\n\t\t<header class=\" block-header \" >\n\t\t<div class=\"main-container\">\n\t\t<h2 class=\"tit-dos\">Caracter\u00edsticas principales.<\/h2>\n\t\t<div class=\"contenido\"><\/div>\n\t\t\t\t\t\t<\/div>\n\t<\/header>\n\t\t<div class=\"main-container\">\n\t\t\n\t\n\t\t<div class=\"glide news-container slides-container\" id=\"glide_block_a742ce70084317f8a687042c0b732fcb\">\n  <div class=\"glide__track\" data-glide-el=\"track\">\n    <ul class=\"  glide__slides \">\n    \t\t\t\t\t<li class=\" glide__slide \">\n\t\t\t\t<article class=\"latest-news-article slides-single \" style=\"\">\n\t\t\t\t\t<div class=\"slider-inner\">\n\t\t\t\t\t\t\t\t\t\t\t\t<div class=\"image\">\n\t\t\t\t\t\t\t<img decoding=\"async\" alt=\"\" src=\"https:\/\/www.stamm.bio\/wp-content\/uploads\/2024\/11\/AI-Cell-Simulation.1-.jpg\"\t\/>\n\t\t\t\t\t\t<\/div>\n\t\t\t\t\t\t\t\t\t\t\t\n\t\t\t\t\t\t<div class=\"contents\">\n\t\t\t\t\t\t\t\n\t\t\t\t\t\t\t\n\t\t\t\t\t\t\t<header>\n\t\t\t\t\t\t\t\t<span class=\"small-text\" style=\"font-size:.6em; display:block; margin-bottom: 1em;\">01<\/span>\n\t\t\t\t\t\t\t<h3 class=\"tit-four\">Simulaci\u00f3n celular con IA.<\/h3>\n\t\t\t\t\t\t\t<div class=\"content\">\n\t\t\t\t\t\t\t\t<ul>\n<li>Prediga estados celulares y optimice ensayos con inteligencia artificial generativa.<\/li>\n<li>Descubra nuevos biomarcadores y objetivos in silico con an\u00e1lisis de perturbaci\u00f3n multi\u00f3mica.<\/li>\n<\/ul>\n\t\t\t\t\t\t\t<\/div>\n\t\t\t\t\t\t<\/header>\n\t\t\t\t\t\t\t\t\t\t\t\t\n\t\t\t\t\t\t<\/div>\n\t\t\t\t\t<\/div>\n\t\t\t\t<\/article>\n\t\t\t<\/li>\n\t\t\t\t\t\t\t<li class=\" glide__slide \">\n\t\t\t\t<article class=\"latest-news-article slides-single \" style=\"\">\n\t\t\t\t\t<div class=\"slider-inner\">\n\t\t\t\t\t\t\t\t\t\t\t\t<div class=\"image\">\n\t\t\t\t\t\t\t<img decoding=\"async\" alt=\"\" src=\"https:\/\/www.stamm.bio\/wp-content\/uploads\/2024\/11\/BIO-AI.jpg\"\t\/>\n\t\t\t\t\t\t<\/div>\n\t\t\t\t\t\t\t\t\t\t\t\n\t\t\t\t\t\t<div class=\"contents\">\n\t\t\t\t\t\t\t\n\t\t\t\t\t\t\t\n\t\t\t\t\t\t\t<header>\n\t\t\t\t\t\t\t\t<span class=\"small-text\" style=\"font-size:.6em; display:block; margin-bottom: 1em;\">02<\/span>\n\t\t\t\t\t\t\t<h3 class=\"tit-four\">Sistema de recomendaci\u00f3n de par\u00e1metros ambientales y operativos.<\/h3>\n\t\t\t\t\t\t\t<div class=\"content\">\n\t\t\t\t\t\t\t\t<ul>\n<li>Defina las mejores condiciones ambientales en funci\u00f3n del rendimiento metab\u00f3lico esperado.<\/li>\n<li>Obtenga el perfil de expresi\u00f3n \u00f3mica esperado en funci\u00f3n de los ajustes de entrada.<\/li>\n<\/ul>\n\t\t\t\t\t\t\t<\/div>\n\t\t\t\t\t\t<\/header>\n\t\t\t\t\t\t\t\t\t\t\t\t\n\t\t\t\t\t\t<\/div>\n\t\t\t\t\t<\/div>\n\t\t\t\t<\/article>\n\t\t\t<\/li>\n\t\t\t\t\t\t\t<li class=\" glide__slide \">\n\t\t\t\t<article class=\"latest-news-article slides-single \" style=\"\">\n\t\t\t\t\t<div class=\"slider-inner\">\n\t\t\t\t\t\t\t\t\t\t\t\t<div class=\"image\">\n\t\t\t\t\t\t\t<img decoding=\"async\" alt=\"\" src=\"https:\/\/www.stamm.bio\/wp-content\/uploads\/2024\/11\/Multiomic-analysis-2.jpg\"\t\/>\n\t\t\t\t\t\t<\/div>\n\t\t\t\t\t\t\t\t\t\t\t\n\t\t\t\t\t\t<div class=\"contents\">\n\t\t\t\t\t\t\t\n\t\t\t\t\t\t\t\n\t\t\t\t\t\t\t<header>\n\t\t\t\t\t\t\t\t<span class=\"small-text\" style=\"font-size:.6em; display:block; margin-bottom: 1em;\">03<\/span>\n\t\t\t\t\t\t\t<h3 class=\"tit-four\">An\u00e1lisis multi\u00f3mico.<\/h3>\n\t\t\t\t\t\t\t<div class=\"content\">\n\t\t\t\t\t\t\t\t<ul>\n<li>Comparaci\u00f3n de los niveles de expresi\u00f3n diferencial, ARN y prote\u00ednas.<\/li>\n<li>Enriquecimiento de conjuntos de genes y t\u00e9rminos ontol\u00f3gicos.<\/li>\n<\/ul>\n\t\t\t\t\t\t\t<\/div>\n\t\t\t\t\t\t<\/header>\n\t\t\t\t\t\t\t\t\t\t\t\t\n\t\t\t\t\t\t<\/div>\n\t\t\t\t\t<\/div>\n\t\t\t\t<\/article>\n\t\t\t<\/li>\n\t\t\t\t\t\t\t<li class=\" glide__slide \">\n\t\t\t\t<article class=\"latest-news-article slides-single \" style=\"\">\n\t\t\t\t\t<div class=\"slider-inner\">\n\t\t\t\t\t\t\t\t\t\t\t\t<div class=\"image\">\n\t\t\t\t\t\t\t<img decoding=\"async\" alt=\"\" src=\"https:\/\/www.stamm.bio\/wp-content\/uploads\/2024\/11\/trnsmcs-assay-6.jpg\"\t\/>\n\t\t\t\t\t\t<\/div>\n\t\t\t\t\t\t\t\t\t\t\t\n\t\t\t\t\t\t<div class=\"contents\">\n\t\t\t\t\t\t\t\n\t\t\t\t\t\t\t\n\t\t\t\t\t\t\t<header>\n\t\t\t\t\t\t\t\t<span class=\"small-text\" style=\"font-size:.6em; display:block; margin-bottom: 1em;\">04<\/span>\n\t\t\t\t\t\t\t<h3 class=\"tit-four\">Gesti\u00f3n integrada de ensayos.<\/h3>\n\t\t\t\t\t\t\t<div class=\"content\">\n\t\t\t\t\t\t\t\t<ul>\n<li>Cargue y administre informaci\u00f3n experimental multimodal.<\/li>\n<li>Dise\u00f1e su ensayo teniendo en cuenta los perfiles de expresi\u00f3n multi\u00f3mica.<\/li>\n<\/ul>\n\t\t\t\t\t\t\t<\/div>\n\t\t\t\t\t\t<\/header>\n\t\t\t\t\t\t\t\t\t\t\t\t\n\t\t\t\t\t\t<\/div>\n\t\t\t\t\t<\/div>\n\t\t\t\t<\/article>\n\t\t\t<\/li>\n\t\t\t\t\t\t\t<li class=\" glide__slide \">\n\t\t\t\t<article class=\"latest-news-article slides-single \" style=\"\">\n\t\t\t\t\t<div class=\"slider-inner\">\n\t\t\t\t\t\t\t\t\t\t\t\t<div class=\"image\">\n\t\t\t\t\t\t\t<img decoding=\"async\" alt=\"\" src=\"https:\/\/www.stamm.bio\/wp-content\/uploads\/2024\/11\/Knowledge-graphs-networks.jpg\"\t\/>\n\t\t\t\t\t\t<\/div>\n\t\t\t\t\t\t\t\t\t\t\t\n\t\t\t\t\t\t<div class=\"contents\">\n\t\t\t\t\t\t\t\n\t\t\t\t\t\t\t\n\t\t\t\t\t\t\t<header>\n\t\t\t\t\t\t\t\t<span class=\"small-text\" style=\"font-size:.6em; display:block; margin-bottom: 1em;\">05<\/span>\n\t\t\t\t\t\t\t<h3 class=\"tit-four\">Redes de grafos de conocimiento.<\/h3>\n\t\t\t\t\t\t\t<div class=\"content\">\n\t\t\t\t\t\t\t\t<ul>\n<li>Visualizaci\u00f3n de interacciones moleculares.<\/li>\n<li>Modelizaci\u00f3n de v\u00edas biol\u00f3gicas.<\/li>\n<li>Biolog\u00eda de sistemas interpretables.<\/li>\n<\/ul>\n\t\t\t\t\t\t\t<\/div>\n\t\t\t\t\t\t<\/header>\n\t\t\t\t\t\t\t\t\t\t\t\t\n\t\t\t\t\t\t<\/div>\n\t\t\t\t\t<\/div>\n\t\t\t\t<\/article>\n\t\t\t<\/li>\n\t\t\t      <!--li class=\"glide__slide\">0<\/li>\n      <li class=\"glide__slide\">1<\/li>\n      <li class=\"glide__slide\">2<\/li-->\n    <\/ul>\n  <\/div>\n    <div class=\"controls arrow-container main-container\" data-glide-el=\"controls\">\n\t  <button data-glide-dir=\"&gt;\" class=\"arrow-next\" class=\"\"><i class=\"fa fa-chevron-right\"><\/i><\/button>\n\t<\/div>\n\t<\/div>\n\t<\/div>\n\t\t<script type=\"text\/javascript\">\n\n\t\tvar glide = new Glide('#glide_block_a742ce70084317f8a687042c0b732fcb', {\n\t\t\t  type: 'carousel',\n  perView: 2.5,\n  autoplay: 3500,\n \n\n  focusAt: 0,\n  breakpoints: {\n    960: {\n      perView: 1.4\n    },\n    600: {\n      perView: 1\n    }\n  }\n}).mount();\n\t<\/script>\n<\/section>\n<div class=\"main-container\">\n\n<\/div>\n<section class=\"modulo-parrafos f-negro\" id=\"\">\n\t\t<header class=\" block-header \" >\n\t\t<div class=\"main-container\">\n\t\t<h2 class=\"tit-dos\">Trabaje con nosotros en un codesarrollo.<\/h2>\n\t\t<div class=\"contenido\"><\/div>\n\t\t\t\t\t\t<div class=\"cta-container\">\n\t\t\t\n\t\t\t<a onclick=\"openForm(3801)\"class=\"boton\">Cont\u00e1ctenos<\/a>\n\t\t<\/div>\n\t\t\t\t<\/div>\n\t<\/header>\n\t\t<div class=\"main-container\">\n\t\t<div class=\"columns-container three-cols\">\n\t\t\t\t\t\t\t<article class=\"column content-article one\">\n\t\t\t\t\t<h3>Solicite una demostraci\u00f3n.<\/h3>\n<p>Experimente el potencial de MoNA<strong>\u2122<\/strong> de primera mano con una demostraci\u00f3n personalizada de nuestra plataforma trans\u00f3mica. Nuestro equipo le guiar\u00e1 a trav\u00e9s de las caracter\u00edsticas y capacidades que le permitir\u00e1n entender c\u00f3mo nuestra plataforma puede alinearse con sus objetivos.<\/p>\n\t\t\t\t<\/article>\n\t\t\t\t\t\t\t<article class=\"column content-article one\">\n\t\t\t\t\t<h3>Establezca un acuerdo de codesarrollo.<\/h3>\n<p>Formalicemos nuestra colaboraci\u00f3n con un desarrollo conjunto que le permita aprovechar la plataforma mientras la perfeccionamos en funci\u00f3n de sus comentarios.<\/p>\n\t\t\t\t<\/article>\n\t\t\t\t\t\t\t<article class=\"column content-article one\">\n\t\t\t\t\t<h3>Reciba soporte constante de nuestro equipo.<\/h3>\n<p>A lo largo de la colaboraci\u00f3n, tendr\u00e1 acceso a nuestro equipo para recibir apoyo y orientaci\u00f3n constantes. Si tiene preguntas, necesita ayuda o desea hacernos llegar sus comentarios, estamos para ayudarle en todo momento.<\/p>\n\t\t\t\t<\/article>\n\t\t\t\t\t<\/div>\n\t<\/div>\n<\/section>\n<div class=\"main-container\">\n\n<\/div>\n<section class=\"modulo-news modulo-slides new-modules  f-verde\" id=\"\">\n\t\t<header class=\" block-header \" >\n\t\t<div class=\"main-container\">\n\t\t<h2 class=\"tit-dos\">Explore nuestras soluciones.<\/h2>\n\t\t<div class=\"contenido\"><\/div>\n\t\t\t\t\t\t<\/div>\n\t<\/header>\n\t\t<div class=\"main-container\">\n\t\t\n\t\n\t\t<div class=\"glide news-container slides-container\" id=\"glide_block_63b1112732fab3dcdd3806c46221bd3a\">\n  <div class=\"glide__track\" data-glide-el=\"track\">\n    <ul class=\" column-container two\">\n    \t\t\t\t\t<li class=\"column \">\n\t\t\t\t<article class=\"latest-news-article slides-single \" style=\"\">\n\t\t\t\t\t<div class=\"slider-inner\">\n\t\t\t\t\t\t\t\t\t\t\t\t<div class=\"image\">\n\t\t\t\t\t\t\t<img decoding=\"async\" alt=\"A scientist in a lab coat and hairnet operates an automated biotechnology system with a bioreactor, digital interface, and peristaltic pumps on a white laboratory bench.\" src=\"https:\/\/www.stamm.bio\/wp-content\/uploads\/2026\/02\/DSCF0465_final-1-1.webp\"\t\/>\n\t\t\t\t\t\t<\/div>\n\t\t\t\t\t\t\t\t\t\t\t\n\t\t\t\t\t\t<div class=\"contents\">\n\t\t\t\t\t\t\t\n\t\t\t\t\t\t\t\n\t\t\t\t\t\t\t<header>\n\t\t\t\t\t\t\t\t<span class=\"small-text\" style=\"font-size:.6em; display:block; margin-bottom: 1em;\">01<\/span>\n\t\t\t\t\t\t\t<h3 class=\"tit-four\">Biomanufactura<\/h3>\n\t\t\t\t\t\t\t<div class=\"content\">\n\t\t\t\t\t\t\t\t<p>Reduzca su huella f\u00edsica y costos operativos con biomanufactura continua plug &#038; play mediante producci\u00f3n automatizada en circuito cerrado y condiciones de proceso paralelizables y homog\u00e9neas.<\/p>\n\t\t\t\t\t\t\t<\/div>\n\t\t\t\t\t\t<\/header>\n\t\t\t\t\t\t\t\t<a href=\"https:\/\/www.stamm.bio\/es\/biomanufactura\/\" target=\"\" class=\"boton small\">Saber m\u00e1s<\/a>\n\t\t\t\t\t\t\n\t\t\t\t\t\t<\/div>\n\t\t\t\t\t<\/div>\n\t\t\t\t<\/article>\n\t\t\t<\/li>\n\t\t\t\t\t\t\t<li class=\"column \">\n\t\t\t\t<article class=\"latest-news-article slides-single \" style=\"\">\n\t\t\t\t\t<div class=\"slider-inner\">\n\t\t\t\t\t\t\t\t\t\t\t\t<div class=\"image\">\n\t\t\t\t\t\t\t<img decoding=\"async\" alt=\"\" src=\"https:\/\/www.stamm.bio\/wp-content\/uploads\/2024\/11\/Clone-selection.jpg\"\t\/>\n\t\t\t\t\t\t<\/div>\n\t\t\t\t\t\t\t\t\t\t\t\n\t\t\t\t\t\t<div class=\"contents\">\n\t\t\t\t\t\t\t\n\t\t\t\t\t\t\t\n\t\t\t\t\t\t\t<header>\n\t\t\t\t\t\t\t\t<span class=\"small-text\" style=\"font-size:.6em; display:block; margin-bottom: 1em;\">02<\/span>\n\t\t\t\t\t\t\t<h3 class=\"tit-four\">Bioingenier\u00eda<\/h3>\n\t\t\t\t\t\t\t<div class=\"content\">\n\t\t\t\t\t\t\t\t<p>Obtenga soluciones integrales en desarrollo de l\u00edneas celulares para la producci\u00f3n cl\u00ednica y biomanufactura.<\/p>\n\t\t\t\t\t\t\t<\/div>\n\t\t\t\t\t\t<\/header>\n\t\t\t\t\t\t\t\t<a href=\"https:\/\/www.stamm.bio\/es\/bioingenieria\/\" target=\"\" class=\"boton small\">Saber m\u00e1s<\/a>\n\t\t\t\t\t\t\n\t\t\t\t\t\t<\/div>\n\t\t\t\t\t<\/div>\n\t\t\t\t<\/article>\n\t\t\t<\/li>\n\t\t\t      <!--li class=\"glide__slide\">0<\/li>\n      <li class=\"glide__slide\">1<\/li>\n      <li class=\"glide__slide\">2<\/li-->\n    <\/ul>\n  <\/div>\n  <\/div>\n\t<\/div>\n\t<\/section>\n<div class=\"main-container\">","protected":false},"excerpt":{"rendered":"","protected":false},"author":2,"featured_media":0,"parent":0,"menu_order":16,"comment_status":"closed","ping_status":"closed","template":"","meta":{"_acf_changed":false,"footnotes":"","_links_to":"","_links_to_target":""},"class_list":["post-4279","page","type-page","status-publish","hentry"],"acf":[],"yoast_head":"<!-- This site is optimized with the Yoast SEO plugin v27.4 - https:\/\/yoast.com\/product\/yoast-seo-wordpress\/ -->\n<title>Bio IA - St&auml;mm<\/title>\n<meta name=\"description\" content=\"Descubra MoNA\u2122, nuestra plataforma trans\u00f3mica que usa m\u00e9todos in silico para mapear el comportamiento biomolecular, optimizando la innovaci\u00f3n y agilizando la biomanufactura.\" \/>\n<meta name=\"robots\" content=\"index, follow, max-snippet:-1, max-image-preview:large, max-video-preview:-1\" \/>\n<link rel=\"canonical\" href=\"https:\/\/www.stamm.bio\/es\/bio-ia\/\" \/>\n<meta property=\"og:locale\" content=\"es_ES\" \/>\n<meta property=\"og:type\" content=\"article\" \/>\n<meta property=\"og:title\" content=\"Bio IA - St&auml;mm\" \/>\n<meta property=\"og:description\" content=\"Descubra MoNA\u2122, nuestra plataforma trans\u00f3mica que usa m\u00e9todos in silico para mapear el comportamiento biomolecular, optimizando la innovaci\u00f3n y agilizando la biomanufactura.\" \/>\n<meta property=\"og:url\" content=\"https:\/\/www.stamm.bio\/es\/bio-ia\/\" \/>\n<meta property=\"og:site_name\" content=\"St&auml;mm\" \/>\n<meta property=\"article:modified_time\" content=\"2026-03-10T14:52:20+00:00\" \/>\n<meta name=\"twitter:card\" content=\"summary_large_image\" \/>\n<meta name=\"twitter:site\" content=\"@StammBio\" \/>\n<script type=\"application\/ld+json\" class=\"yoast-schema-graph\">{\"@context\":\"https:\\\/\\\/schema.org\",\"@graph\":[{\"@type\":\"WebPage\",\"@id\":\"https:\\\/\\\/www.stamm.bio\\\/es\\\/bio-ia\\\/\",\"url\":\"https:\\\/\\\/www.stamm.bio\\\/es\\\/bio-ia\\\/\",\"name\":\"Bio IA - St&auml;mm\",\"isPartOf\":{\"@id\":\"https:\\\/\\\/www.stamm.bio\\\/#website\"},\"datePublished\":\"2024-11-01T00:49:17+00:00\",\"dateModified\":\"2026-03-10T14:52:20+00:00\",\"description\":\"Descubra MoNA\u2122, nuestra plataforma trans\u00f3mica que usa m\u00e9todos in silico para mapear el comportamiento biomolecular, optimizando la innovaci\u00f3n y agilizando la biomanufactura.\",\"breadcrumb\":{\"@id\":\"https:\\\/\\\/www.stamm.bio\\\/es\\\/bio-ia\\\/#breadcrumb\"},\"inLanguage\":\"es\",\"potentialAction\":[{\"@type\":\"ReadAction\",\"target\":[\"https:\\\/\\\/www.stamm.bio\\\/es\\\/bio-ia\\\/\"]}]},{\"@type\":\"BreadcrumbList\",\"@id\":\"https:\\\/\\\/www.stamm.bio\\\/es\\\/bio-ia\\\/#breadcrumb\",\"itemListElement\":[{\"@type\":\"ListItem\",\"position\":1,\"name\":\"Home\",\"item\":\"https:\\\/\\\/www.stamm.bio\\\/es\\\/\"},{\"@type\":\"ListItem\",\"position\":2,\"name\":\"Bio IA\"}]},{\"@type\":\"WebSite\",\"@id\":\"https:\\\/\\\/www.stamm.bio\\\/#website\",\"url\":\"https:\\\/\\\/www.stamm.bio\\\/\",\"name\":\"St\u00e4mm\",\"description\":\"Internet of life\",\"publisher\":{\"@id\":\"https:\\\/\\\/www.stamm.bio\\\/#organization\"},\"potentialAction\":[{\"@type\":\"SearchAction\",\"target\":{\"@type\":\"EntryPoint\",\"urlTemplate\":\"https:\\\/\\\/www.stamm.bio\\\/?s={search_term_string}\"},\"query-input\":{\"@type\":\"PropertyValueSpecification\",\"valueRequired\":true,\"valueName\":\"search_term_string\"}}],\"inLanguage\":\"es\"},{\"@type\":\"Organization\",\"@id\":\"https:\\\/\\\/www.stamm.bio\\\/#organization\",\"name\":\"St\u00e4mm\",\"url\":\"https:\\\/\\\/www.stamm.bio\\\/\",\"logo\":{\"@type\":\"ImageObject\",\"inLanguage\":\"es\",\"@id\":\"https:\\\/\\\/www.stamm.bio\\\/#\\\/schema\\\/logo\\\/image\\\/\",\"url\":\"https:\\\/\\\/www.stamm.bio\\\/wp-content\\\/uploads\\\/2025\\\/02\\\/st_logo_green.png\",\"contentUrl\":\"https:\\\/\\\/www.stamm.bio\\\/wp-content\\\/uploads\\\/2025\\\/02\\\/st_logo_green.png\",\"width\":310,\"height\":60,\"caption\":\"St\u00e4mm\"},\"image\":{\"@id\":\"https:\\\/\\\/www.stamm.bio\\\/#\\\/schema\\\/logo\\\/image\\\/\"},\"sameAs\":[\"https:\\\/\\\/x.com\\\/StammBio\",\"https:\\\/\\\/www.instagram.com\\\/stamm.bio\\\/\",\"https:\\\/\\\/www.linkedin.com\\\/company\\\/stammbiotech\\\/\",\"https:\\\/\\\/medium.com\\\/@StammBio\"]}]}<\/script>\n<!-- \/ Yoast SEO plugin. -->","yoast_head_json":{"title":"Bio IA - St&auml;mm","description":"Descubra MoNA\u2122, nuestra plataforma trans\u00f3mica que usa m\u00e9todos in silico para mapear el comportamiento biomolecular, optimizando la innovaci\u00f3n y agilizando la biomanufactura.","robots":{"index":"index","follow":"follow","max-snippet":"max-snippet:-1","max-image-preview":"max-image-preview:large","max-video-preview":"max-video-preview:-1"},"canonical":"https:\/\/www.stamm.bio\/es\/bio-ia\/","og_locale":"es_ES","og_type":"article","og_title":"Bio IA - St&auml;mm","og_description":"Descubra MoNA\u2122, nuestra plataforma trans\u00f3mica que usa m\u00e9todos in silico para mapear el comportamiento biomolecular, optimizando la innovaci\u00f3n y agilizando la biomanufactura.","og_url":"https:\/\/www.stamm.bio\/es\/bio-ia\/","og_site_name":"St&auml;mm","article_modified_time":"2026-03-10T14:52:20+00:00","twitter_card":"summary_large_image","twitter_site":"@StammBio","schema":{"@context":"https:\/\/schema.org","@graph":[{"@type":"WebPage","@id":"https:\/\/www.stamm.bio\/es\/bio-ia\/","url":"https:\/\/www.stamm.bio\/es\/bio-ia\/","name":"Bio IA - St&auml;mm","isPartOf":{"@id":"https:\/\/www.stamm.bio\/#website"},"datePublished":"2024-11-01T00:49:17+00:00","dateModified":"2026-03-10T14:52:20+00:00","description":"Descubra MoNA\u2122, nuestra plataforma trans\u00f3mica que usa m\u00e9todos in silico para mapear el comportamiento biomolecular, optimizando la innovaci\u00f3n y agilizando la biomanufactura.","breadcrumb":{"@id":"https:\/\/www.stamm.bio\/es\/bio-ia\/#breadcrumb"},"inLanguage":"es","potentialAction":[{"@type":"ReadAction","target":["https:\/\/www.stamm.bio\/es\/bio-ia\/"]}]},{"@type":"BreadcrumbList","@id":"https:\/\/www.stamm.bio\/es\/bio-ia\/#breadcrumb","itemListElement":[{"@type":"ListItem","position":1,"name":"Home","item":"https:\/\/www.stamm.bio\/es\/"},{"@type":"ListItem","position":2,"name":"Bio IA"}]},{"@type":"WebSite","@id":"https:\/\/www.stamm.bio\/#website","url":"https:\/\/www.stamm.bio\/","name":"St\u00e4mm","description":"Internet of life","publisher":{"@id":"https:\/\/www.stamm.bio\/#organization"},"potentialAction":[{"@type":"SearchAction","target":{"@type":"EntryPoint","urlTemplate":"https:\/\/www.stamm.bio\/?s={search_term_string}"},"query-input":{"@type":"PropertyValueSpecification","valueRequired":true,"valueName":"search_term_string"}}],"inLanguage":"es"},{"@type":"Organization","@id":"https:\/\/www.stamm.bio\/#organization","name":"St\u00e4mm","url":"https:\/\/www.stamm.bio\/","logo":{"@type":"ImageObject","inLanguage":"es","@id":"https:\/\/www.stamm.bio\/#\/schema\/logo\/image\/","url":"https:\/\/www.stamm.bio\/wp-content\/uploads\/2025\/02\/st_logo_green.png","contentUrl":"https:\/\/www.stamm.bio\/wp-content\/uploads\/2025\/02\/st_logo_green.png","width":310,"height":60,"caption":"St\u00e4mm"},"image":{"@id":"https:\/\/www.stamm.bio\/#\/schema\/logo\/image\/"},"sameAs":["https:\/\/x.com\/StammBio","https:\/\/www.instagram.com\/stamm.bio\/","https:\/\/www.linkedin.com\/company\/stammbiotech\/","https:\/\/medium.com\/@StammBio"]}]}},"_links":{"self":[{"href":"https:\/\/www.stamm.bio\/es\/wp-json\/wp\/v2\/pages\/4279","targetHints":{"allow":["GET"]}}],"collection":[{"href":"https:\/\/www.stamm.bio\/es\/wp-json\/wp\/v2\/pages"}],"about":[{"href":"https:\/\/www.stamm.bio\/es\/wp-json\/wp\/v2\/types\/page"}],"author":[{"embeddable":true,"href":"https:\/\/www.stamm.bio\/es\/wp-json\/wp\/v2\/users\/2"}],"replies":[{"embeddable":true,"href":"https:\/\/www.stamm.bio\/es\/wp-json\/wp\/v2\/comments?post=4279"}],"version-history":[{"count":9,"href":"https:\/\/www.stamm.bio\/es\/wp-json\/wp\/v2\/pages\/4279\/revisions"}],"predecessor-version":[{"id":5147,"href":"https:\/\/www.stamm.bio\/es\/wp-json\/wp\/v2\/pages\/4279\/revisions\/5147"}],"wp:attachment":[{"href":"https:\/\/www.stamm.bio\/es\/wp-json\/wp\/v2\/media?parent=4279"}],"curies":[{"name":"wp","href":"https:\/\/api.w.org\/{rel}","templated":true}]}}