{"id":4277,"date":"2024-11-04T15:45:58","date_gmt":"2024-11-04T15:45:58","guid":{"rendered":"https:\/\/www.stamm.bio\/?page_id=4277"},"modified":"2026-03-10T14:51:17","modified_gmt":"2026-03-10T14:51:17","slug":"bioingenieria","status":"publish","type":"page","link":"https:\/\/www.stamm.bio\/es\/bioingenieria\/","title":{"rendered":"Bioingenier\u00eda"},"content":{"rendered":"<\/div>\n<section id=\"el-1360\" class=\"hero mvp big-hero f-negro\"  id=\"\">\n\t<div class=\"test-imagen\"><\/div>\n\t\t\t<div class=\"video-back\" data-aspect=\"1.7777777777778\">\n\t\t<div class=\"video-container\">\n\t\t\t<video loop=\"loop\" autoplay=\"true\" playsinline=\"true\" muted=\"true\" id=\"mejs_6204682393310839_html5\" preload=\"none\" src=\"https:\/\/www.stamm.bio\/wp-content\/uploads\/2024\/11\/BEP-Fold-Bioingenieria-Intro-SortingATE_1.mp4\">\n\t\t\t\t\t\t\t<source type=\"video\/mp4\" src=\"html5\" preload=\"none\" src=\"https:\/\/www.stamm.bio\/wp-content\/uploads\/2024\/11\/BEP-Fold-Bioingenieria-Intro-SortingATE_1.mp4\">\n\t\t\t\t\n\t\t\t\t\t\t<\/video>\n\t\t<\/div>\n\t<\/div>\n\t\t<div class=\"main-container\">\n\t\t<div class=\"contenedor-principal\" data-anim=true data-scroll-speed=.5 style=\"background-image:url('')\">\n\t\t\t<h1 class=\"sub-mega\"><p>Soluciones de bioingenier\u00eda.<\/p>\n<\/h1>\t\t\n\t\t\t\t\t\t<div class=\"bajada subtit-tres\">\n\t\t\t\t<p>Desarrollamos <strong>tecnolog\u00edas de punta para el desarrollo de l\u00edneas celulares<\/strong> con bioingenier\u00eda, crecimiento de clones y screening para la producci\u00f3n de productos biol\u00f3gicos automatizados.<\/p>\n\t\t\t\t\t\n\t\t\t\t<\/div>\n\t\t\t\t\t\t\t\t\t\t\t<div class=\"cta-container\">\n\t\t\t\t\n\t\t\t\n\t\t\t\t\t<a class=\"boton\" onclick=\"openForm(3801)\">Cont\u00e1ctenos<\/a>\n\t\t\t\t\t<\/div>\n\t\t\t\t\t\t\t\t\n\t\t<\/div>\n\t\t\n\t<\/div>\n\t\t<\/section>\n<div class=\"main-container\">\n\n<\/div>\n<section class=\"modulo-uno normal f-verde\" id=\"bioengineering-platform\" id=\"\">\n\t<div class=\" mob-full column-container two no-gut\">\n\t\t<div class=\"columna column col-texto\" data-anim=true data-scroll-speed=.6>\n\t\t\t<div class=\"text-contents\">\n\t\t\t<h3 class=\"tit-dos\">Bioengineering Platform.<\/h3>\n\t\t\t<!--div class=\"space\"><\/div-->\n\t\t\t<div class=\"texto\">\n\t\t\t\t<p>Estamos construyendo una plataforma de ingenier\u00eda y clasificaci\u00f3n basada en un sistema automatizado de alto rendimiento para agilizar su flujo de trabajo.<\/p>\n\t\t\t\t\t\t\t<\/div>\n\t\t\t<\/div>\n\t\t<\/div>\n\t\t<div class=\"columna column foto\">\n\t\t\t\t\t\t\t\t<img decoding=\"async\" src=\"https:\/\/www.stamm.bio\/wp-content\/uploads\/2024\/11\/3E5-dupli-Foto-16-Editada.jpg\" alt=\"Bioengineering Platform.\">\n\t\t\t\t\t\t\t\t\n\t\t<\/div>\n\t<\/div>\n<\/section>\n<div class=\"main-container\">\n\n<\/div>\n<section class=\"modulo-uno invertida f-negro\" id=\"clone-selection-platform\" id=\"\">\n\t<div class=\" mob-full column-container two no-gut\">\n\t\t<div class=\"columna column col-texto\" data-anim=true data-scroll-speed=.6>\n\t\t\t<div class=\"text-contents\">\n\t\t\t<h3 class=\"tit-dos\">Clone Selection Platform.<\/h3>\n\t\t\t<!--div class=\"space\"><\/div-->\n\t\t\t<div class=\"texto\">\n\t\t\t\t<p>Estamos desarrollando una soluci\u00f3n especializada que automatiza la selecci\u00f3n y el screening de clones, monitorizando el proceso para optimizar su pipeline.<\/p>\n\t\t\t\t\t\t\t<\/div>\n\t\t\t<\/div>\n\t\t<\/div>\n\t\t<div class=\"columna column foto\">\n\t\t\t\t\t\t\t\t<img decoding=\"async\" src=\"https:\/\/www.stamm.bio\/wp-content\/uploads\/2024\/11\/Clone-selection.jpg\" alt=\"Clone Selection Platform.\">\n\t\t\t\t\t\t\t\t\n\t\t<\/div>\n\t<\/div>\n<\/section>\n<div class=\"main-container\">\n\n<\/div>\n<section class=\"modulo-parrafos f-verde\" id=\"\">\n\t\t<header class=\" block-header \" >\n\t\t<div class=\"main-container\">\n\t\t<h2 class=\"tit-dos\">Mejore la selecci\u00f3n de los clones m\u00e1s productivos.<\/h2>\n\t\t<div class=\"contenido\"><\/div>\n\t\t\t\t\t\t<\/div>\n\t<\/header>\n\t\t<div class=\"main-container\">\n\t\t<div class=\"columns-container four-cols\">\n\t\t\t\t\t\t\t<article class=\"column content-article one\">\n\t\t\t\t\t<p>Mejora de la eficacia de la transfecci\u00f3n, facilitando la escalabilidad del proceso.<\/p>\n\t\t\t\t<\/article>\n\t\t\t\t\t\t\t<article class=\"column content-article one\">\n\t\t\t\t\t<p>Aumenta la productividad espec\u00edfica y garantiza el crecimiento.<\/p>\n\t\t\t\t<\/article>\n\t\t\t\t\t\t\t<article class=\"column content-article one\">\n\t\t\t\t\t<p>Accede a datos en tiempo real y permite supervisi\u00f3n remota del proceso.<\/p>\n\t\t\t\t<\/article>\n\t\t\t\t\t\t\t<article class=\"column content-article one\">\n\t\t\t\t\t<p>Reduce la dependencia manual y los errores humanos.<\/p>\n\t\t\t\t<\/article>\n\t\t\t\t\t<\/div>\n\t<\/div>\n<\/section>\n<div class=\"main-container\">\n\n \n<\/div>\n<section class=\"hero phrase-hero  f-negro\"  style=\"background-image:url('https:\/\/www.stamm.bio\/wp-content\/uploads\/2024\/11\/bg-partnerships.jpg')\"  id=\"\">\n\t\t<div class=\"main-container\">\n\t\t<div class=\"contenedor-principal highlighted-content inner-padding blurred-container right \"     data-anim=true data-scroll-speed=1>\n\t\t\t<div class=\"text \">\n\t\t\t\t<h2 class=\"tit-uno\"><p>Colaboraciones y servicios.<\/p>\n<\/h2>\n\t\t\t\t<p>Tanto si parte de una l\u00ednea celular existente como de un anticuerpo elegido, colaboramos para personalizar el proceso de desarrollo de l\u00edneas celulares y adaptarlo a sus necesidades.<\/p>\n<p>Nuestro desarrollo interno garantiza un estricto control de calidad, con actualizaciones peri\u00f3dicas mediante el monitoreo e integraci\u00f3n de datos.<\/p>\n<p>Obtenga una l\u00ednea celular estable con bancos celulares de investigaci\u00f3n, lista para su almacenamiento o escalado en nuestro bioprocesador.<\/p>\n\t\n\t\t\t<\/div>\n\t\t\t\n\t\t\t\t\t\t\t\t\t\t\t<div class=\"cta-container\">\n\t\t\t\t\n\t\t\t\n\t\t\t\t\t<a class=\"boton\" onclick=\"openForm(3801)\">Cont\u00e1ctenos<\/a>\n\t\t\t\t\t<\/div>\n\t\t\t\t\t\t\t<\/div>\n\t\t\n\t<\/div>\n\t<div class=\"contenedor-secundario blurred-container right \"     data-anim=true data-scroll-speed=.3><\/div>\n<\/section>\n<div class=\"main-container\">\n\n\n<\/div>\n<section class=\"modulo-news modulo-slides new-modules  f-verde\" id=\"\">\n\t\t<header class=\" block-header \" >\n\t\t<div class=\"main-container\">\n\t\t<h2 class=\"tit-dos\">Optimice por completo su proceso de biomanufactura.<\/h2>\n\t\t<div class=\"contenido\"><\/div>\n\t\t\t\t\t\t<\/div>\n\t<\/header>\n\t\t<div class=\"main-container\">\n\t\t\n\t\n\t\t<div class=\"glide news-container slides-container\" id=\"glide_block_5c1f0d15be5c55e05fb978413e168bf8\">\n  <div class=\"glide__track\" data-glide-el=\"track\">\n    <ul class=\" column-container two\">\n    \t\t\t\t\t<li class=\"column \">\n\t\t\t\t<article class=\"latest-news-article slides-single \" style=\"\">\n\t\t\t\t\t<div class=\"slider-inner\">\n\t\t\t\t\t\t\t\t\t\t\t\t<div class=\"image\">\n\t\t\t\t\t\t\t<img decoding=\"async\" alt=\"A scientist in a lab coat and hairnet operates an automated biotechnology system with a bioreactor, digital interface, and peristaltic pumps on a white laboratory bench.\" src=\"https:\/\/www.stamm.bio\/wp-content\/uploads\/2026\/02\/DSCF0465_final-1-1.webp\"\t\/>\n\t\t\t\t\t\t<\/div>\n\t\t\t\t\t\t\t\t\t\t\t\n\t\t\t\t\t\t<div class=\"contents\">\n\t\t\t\t\t\t\t\n\t\t\t\t\t\t\t\n\t\t\t\t\t\t\t<header>\n\t\t\t\t\t\t\t\t<span class=\"small-text\" style=\"font-size:.6em; display:block; margin-bottom: 1em;\">01<\/span>\n\t\t\t\t\t\t\t<h3 class=\"tit-four\">Biomanufactura<\/h3>\n\t\t\t\t\t\t\t<div class=\"content\">\n\t\t\t\t\t\t\t\t<p>Reduzca su huella f\u00edsica y costos operativos con biomanufactura continua plug &#038; play mediante producci\u00f3n automatizada en circuito cerrado y condiciones de proceso paralelizables y homog\u00e9neas.<\/p>\n\t\t\t\t\t\t\t<\/div>\n\t\t\t\t\t\t<\/header>\n\t\t\t\t\t\t\t\t<a href=\"https:\/\/www.stamm.bio\/es\/biomanufactura\/\" target=\"\" class=\"boton small\">Saber m\u00e1s<\/a>\n\t\t\t\t\t\t\n\t\t\t\t\t\t<\/div>\n\t\t\t\t\t<\/div>\n\t\t\t\t<\/article>\n\t\t\t<\/li>\n\t\t\t\t\t\t\t<li class=\"column \">\n\t\t\t\t<article class=\"latest-news-article slides-single \" style=\"\">\n\t\t\t\t\t<div class=\"slider-inner\">\n\t\t\t\t\t\t\t\t\t\t\t\t<div class=\"image\">\n\t\t\t\t\t\t\t<img decoding=\"async\" alt=\"\" src=\"https:\/\/www.stamm.bio\/wp-content\/uploads\/2024\/11\/Fold-1-Driven-by-data-op-1-b.jpg\"\t\/>\n\t\t\t\t\t\t<\/div>\n\t\t\t\t\t\t\t\t\t\t\t\n\t\t\t\t\t\t<div class=\"contents\">\n\t\t\t\t\t\t\t\n\t\t\t\t\t\t\t\n\t\t\t\t\t\t\t<header>\n\t\t\t\t\t\t\t\t<span class=\"small-text\" style=\"font-size:.6em; display:block; margin-bottom: 1em;\">02<\/span>\n\t\t\t\t\t\t\t<h3 class=\"tit-four\">Bio IA<\/h3>\n\t\t\t\t\t\t\t<div class=\"content\">\n\t\t\t\t\t\t\t\t<p>Construya pipelines de predicci\u00f3n celular a partir de datos biol\u00f3gicos multi\u00f3micos utilizando modelos generativos de IA.<\/p>\n\t\t\t\t\t\t\t<\/div>\n\t\t\t\t\t\t<\/header>\n\t\t\t\t\t\t\t\t<a href=\"https:\/\/www.stamm.bio\/es\/bio-ia\/\" target=\"\" class=\"boton small\">Saber m\u00e1s<\/a>\n\t\t\t\t\t\t\n\t\t\t\t\t\t<\/div>\n\t\t\t\t\t<\/div>\n\t\t\t\t<\/article>\n\t\t\t<\/li>\n\t\t\t      <!--li class=\"glide__slide\">0<\/li>\n      <li class=\"glide__slide\">1<\/li>\n      <li class=\"glide__slide\">2<\/li-->\n    <\/ul>\n  <\/div>\n  <\/div>\n\t<\/div>\n\t<\/section>\n<div class=\"main-container\">","protected":false},"excerpt":{"rendered":"","protected":false},"author":2,"featured_media":0,"parent":0,"menu_order":14,"comment_status":"closed","ping_status":"closed","template":"","meta":{"_acf_changed":false,"footnotes":"","_links_to":"","_links_to_target":""},"class_list":["post-4277","page","type-page","status-publish","hentry"],"acf":[],"yoast_head":"<!-- This site is optimized with the Yoast SEO plugin v27.4 - https:\/\/yoast.com\/product\/yoast-seo-wordpress\/ -->\n<title>Bioingenier\u00eda - Soluciones avanzadas para el desarrollo de l\u00edneas celulares - St&auml;mm<\/title>\n<meta name=\"description\" content=\"Simplifique el desarrollo de l\u00edneas celulares con las soluciones de bioingenier\u00eda y selecci\u00f3n de clones de St\u00e4mm, optimizando la selecci\u00f3n de los clones m\u00e1s productivos.\" \/>\n<meta name=\"robots\" content=\"index, follow, max-snippet:-1, max-image-preview:large, max-video-preview:-1\" \/>\n<link rel=\"canonical\" href=\"https:\/\/www.stamm.bio\/es\/bioingenieria\/\" \/>\n<meta property=\"og:locale\" content=\"es_ES\" \/>\n<meta property=\"og:type\" content=\"article\" \/>\n<meta property=\"og:title\" content=\"Bioingenier\u00eda - Soluciones avanzadas para el desarrollo de l\u00edneas celulares - St&auml;mm\" \/>\n<meta property=\"og:description\" content=\"Simplifique el desarrollo de l\u00edneas celulares con las soluciones de bioingenier\u00eda y selecci\u00f3n de clones de St\u00e4mm, optimizando la selecci\u00f3n de los clones m\u00e1s productivos.\" \/>\n<meta property=\"og:url\" content=\"https:\/\/www.stamm.bio\/es\/bioingenieria\/\" \/>\n<meta property=\"og:site_name\" content=\"St&auml;mm\" \/>\n<meta property=\"article:modified_time\" content=\"2026-03-10T14:51:17+00:00\" \/>\n<meta name=\"twitter:card\" content=\"summary_large_image\" \/>\n<meta name=\"twitter:site\" content=\"@StammBio\" \/>\n<script type=\"application\/ld+json\" class=\"yoast-schema-graph\">{\"@context\":\"https:\\\/\\\/schema.org\",\"@graph\":[{\"@type\":\"WebPage\",\"@id\":\"https:\\\/\\\/www.stamm.bio\\\/es\\\/bioingenieria\\\/\",\"url\":\"https:\\\/\\\/www.stamm.bio\\\/es\\\/bioingenieria\\\/\",\"name\":\"Bioingenier\u00eda - Soluciones avanzadas para el desarrollo de l\u00edneas celulares - St&auml;mm\",\"isPartOf\":{\"@id\":\"https:\\\/\\\/www.stamm.bio\\\/#website\"},\"datePublished\":\"2024-11-04T15:45:58+00:00\",\"dateModified\":\"2026-03-10T14:51:17+00:00\",\"description\":\"Simplifique el desarrollo de l\u00edneas celulares con las soluciones de bioingenier\u00eda y selecci\u00f3n de clones de St\u00e4mm, optimizando la selecci\u00f3n de los clones m\u00e1s productivos.\",\"breadcrumb\":{\"@id\":\"https:\\\/\\\/www.stamm.bio\\\/es\\\/bioingenieria\\\/#breadcrumb\"},\"inLanguage\":\"es\",\"potentialAction\":[{\"@type\":\"ReadAction\",\"target\":[\"https:\\\/\\\/www.stamm.bio\\\/es\\\/bioingenieria\\\/\"]}]},{\"@type\":\"BreadcrumbList\",\"@id\":\"https:\\\/\\\/www.stamm.bio\\\/es\\\/bioingenieria\\\/#breadcrumb\",\"itemListElement\":[{\"@type\":\"ListItem\",\"position\":1,\"name\":\"Home\",\"item\":\"https:\\\/\\\/www.stamm.bio\\\/es\\\/\"},{\"@type\":\"ListItem\",\"position\":2,\"name\":\"Bioingenier\u00eda\"}]},{\"@type\":\"WebSite\",\"@id\":\"https:\\\/\\\/www.stamm.bio\\\/#website\",\"url\":\"https:\\\/\\\/www.stamm.bio\\\/\",\"name\":\"St\u00e4mm\",\"description\":\"Internet of life\",\"publisher\":{\"@id\":\"https:\\\/\\\/www.stamm.bio\\\/#organization\"},\"potentialAction\":[{\"@type\":\"SearchAction\",\"target\":{\"@type\":\"EntryPoint\",\"urlTemplate\":\"https:\\\/\\\/www.stamm.bio\\\/?s={search_term_string}\"},\"query-input\":{\"@type\":\"PropertyValueSpecification\",\"valueRequired\":true,\"valueName\":\"search_term_string\"}}],\"inLanguage\":\"es\"},{\"@type\":\"Organization\",\"@id\":\"https:\\\/\\\/www.stamm.bio\\\/#organization\",\"name\":\"St\u00e4mm\",\"url\":\"https:\\\/\\\/www.stamm.bio\\\/\",\"logo\":{\"@type\":\"ImageObject\",\"inLanguage\":\"es\",\"@id\":\"https:\\\/\\\/www.stamm.bio\\\/#\\\/schema\\\/logo\\\/image\\\/\",\"url\":\"https:\\\/\\\/www.stamm.bio\\\/wp-content\\\/uploads\\\/2025\\\/02\\\/st_logo_green.png\",\"contentUrl\":\"https:\\\/\\\/www.stamm.bio\\\/wp-content\\\/uploads\\\/2025\\\/02\\\/st_logo_green.png\",\"width\":310,\"height\":60,\"caption\":\"St\u00e4mm\"},\"image\":{\"@id\":\"https:\\\/\\\/www.stamm.bio\\\/#\\\/schema\\\/logo\\\/image\\\/\"},\"sameAs\":[\"https:\\\/\\\/x.com\\\/StammBio\",\"https:\\\/\\\/www.instagram.com\\\/stamm.bio\\\/\",\"https:\\\/\\\/www.linkedin.com\\\/company\\\/stammbiotech\\\/\",\"https:\\\/\\\/medium.com\\\/@StammBio\"]}]}<\/script>\n<!-- \/ Yoast SEO plugin. -->","yoast_head_json":{"title":"Bioingenier\u00eda - Soluciones avanzadas para el desarrollo de l\u00edneas celulares - St&auml;mm","description":"Simplifique el desarrollo de l\u00edneas celulares con las soluciones de bioingenier\u00eda y selecci\u00f3n de clones de St\u00e4mm, optimizando la selecci\u00f3n de los clones m\u00e1s productivos.","robots":{"index":"index","follow":"follow","max-snippet":"max-snippet:-1","max-image-preview":"max-image-preview:large","max-video-preview":"max-video-preview:-1"},"canonical":"https:\/\/www.stamm.bio\/es\/bioingenieria\/","og_locale":"es_ES","og_type":"article","og_title":"Bioingenier\u00eda - Soluciones avanzadas para el desarrollo de l\u00edneas celulares - St&auml;mm","og_description":"Simplifique el desarrollo de l\u00edneas celulares con las soluciones de bioingenier\u00eda y selecci\u00f3n de clones de St\u00e4mm, optimizando la selecci\u00f3n de los clones m\u00e1s productivos.","og_url":"https:\/\/www.stamm.bio\/es\/bioingenieria\/","og_site_name":"St&auml;mm","article_modified_time":"2026-03-10T14:51:17+00:00","twitter_card":"summary_large_image","twitter_site":"@StammBio","schema":{"@context":"https:\/\/schema.org","@graph":[{"@type":"WebPage","@id":"https:\/\/www.stamm.bio\/es\/bioingenieria\/","url":"https:\/\/www.stamm.bio\/es\/bioingenieria\/","name":"Bioingenier\u00eda - Soluciones avanzadas para el desarrollo de l\u00edneas celulares - St&auml;mm","isPartOf":{"@id":"https:\/\/www.stamm.bio\/#website"},"datePublished":"2024-11-04T15:45:58+00:00","dateModified":"2026-03-10T14:51:17+00:00","description":"Simplifique el desarrollo de l\u00edneas celulares con las soluciones de bioingenier\u00eda y selecci\u00f3n de clones de St\u00e4mm, optimizando la selecci\u00f3n de los clones m\u00e1s productivos.","breadcrumb":{"@id":"https:\/\/www.stamm.bio\/es\/bioingenieria\/#breadcrumb"},"inLanguage":"es","potentialAction":[{"@type":"ReadAction","target":["https:\/\/www.stamm.bio\/es\/bioingenieria\/"]}]},{"@type":"BreadcrumbList","@id":"https:\/\/www.stamm.bio\/es\/bioingenieria\/#breadcrumb","itemListElement":[{"@type":"ListItem","position":1,"name":"Home","item":"https:\/\/www.stamm.bio\/es\/"},{"@type":"ListItem","position":2,"name":"Bioingenier\u00eda"}]},{"@type":"WebSite","@id":"https:\/\/www.stamm.bio\/#website","url":"https:\/\/www.stamm.bio\/","name":"St\u00e4mm","description":"Internet of life","publisher":{"@id":"https:\/\/www.stamm.bio\/#organization"},"potentialAction":[{"@type":"SearchAction","target":{"@type":"EntryPoint","urlTemplate":"https:\/\/www.stamm.bio\/?s={search_term_string}"},"query-input":{"@type":"PropertyValueSpecification","valueRequired":true,"valueName":"search_term_string"}}],"inLanguage":"es"},{"@type":"Organization","@id":"https:\/\/www.stamm.bio\/#organization","name":"St\u00e4mm","url":"https:\/\/www.stamm.bio\/","logo":{"@type":"ImageObject","inLanguage":"es","@id":"https:\/\/www.stamm.bio\/#\/schema\/logo\/image\/","url":"https:\/\/www.stamm.bio\/wp-content\/uploads\/2025\/02\/st_logo_green.png","contentUrl":"https:\/\/www.stamm.bio\/wp-content\/uploads\/2025\/02\/st_logo_green.png","width":310,"height":60,"caption":"St\u00e4mm"},"image":{"@id":"https:\/\/www.stamm.bio\/#\/schema\/logo\/image\/"},"sameAs":["https:\/\/x.com\/StammBio","https:\/\/www.instagram.com\/stamm.bio\/","https:\/\/www.linkedin.com\/company\/stammbiotech\/","https:\/\/medium.com\/@StammBio"]}]}},"_links":{"self":[{"href":"https:\/\/www.stamm.bio\/es\/wp-json\/wp\/v2\/pages\/4277","targetHints":{"allow":["GET"]}}],"collection":[{"href":"https:\/\/www.stamm.bio\/es\/wp-json\/wp\/v2\/pages"}],"about":[{"href":"https:\/\/www.stamm.bio\/es\/wp-json\/wp\/v2\/types\/page"}],"author":[{"embeddable":true,"href":"https:\/\/www.stamm.bio\/es\/wp-json\/wp\/v2\/users\/2"}],"replies":[{"embeddable":true,"href":"https:\/\/www.stamm.bio\/es\/wp-json\/wp\/v2\/comments?post=4277"}],"version-history":[{"count":5,"href":"https:\/\/www.stamm.bio\/es\/wp-json\/wp\/v2\/pages\/4277\/revisions"}],"predecessor-version":[{"id":5146,"href":"https:\/\/www.stamm.bio\/es\/wp-json\/wp\/v2\/pages\/4277\/revisions\/5146"}],"wp:attachment":[{"href":"https:\/\/www.stamm.bio\/es\/wp-json\/wp\/v2\/media?parent=4277"}],"curies":[{"name":"wp","href":"https:\/\/api.w.org\/{rel}","templated":true}]}}