{"id":4266,"date":"2024-11-07T19:40:54","date_gmt":"2024-11-07T19:40:54","guid":{"rendered":"https:\/\/www.stamm.bio\/?page_id=4266"},"modified":"2024-12-18T18:24:37","modified_gmt":"2024-12-18T18:24:37","slug":"nuestro-manifiesto","status":"publish","type":"page","link":"https:\/\/www.stamm.bio\/es\/nuestro-manifiesto\/","title":{"rendered":"Nuestro manifiesto"},"content":{"rendered":"<\/div>\n<section id=\"el-5011\" class=\"hero mvp big-hero f-negro\" style=\"background-image:url('https:\/\/www.stamm.bio\/wp-content\/uploads\/2024\/11\/stamm-bg.jpg')\"  id=\"\">\n\t<div class=\"test-imagen\"><\/div>\n\t\t<div class=\"mascara-container\">\n\t\t<div class=\"imagen-mask\" style=\"background-image:url('https:\/\/www.stamm.bio\/wp-content\/uploads\/2024\/11\/stamm-bg.jpg')\"><\/div>\n\t\t<\/div>\n\t<svg >\n\t\t<defs>\n\t\t<clipPath id=\"mascara\" clipPathUnits=\"objectBoundingBox\">\n\t\t\t<path d=\"M0.95302777777778,1H0.046972222222222c-0.014990740740741,0-0.028916666666667-0.0077685185185185-0.036796296296296-0.020509259259259c-0.0078796296296296-0.012759259259259-0.0086018518518519-0.028694444444444-0.0018888888888889-0.042101851851852L0.46131481481481,0.031342592592593 C0.46863888888889,0.016685185185185,0.48362037037037,0.0074259259259259,0.5,0.0074259259259259s0.031361111111111,0.0092592592592593,0.038694444444444,0.023916666666667l0.45302777777778,0.90605555555556c0.0067037037037037,0.013407407407407,0.0059907407407407,0.029333333333333-0.0018888888888889,0.042092592592593 C0.98194444444444,0.99223148148148,0.96801851851852,1,0.95302777777778,1z M0.13931481481481,0.91348148148148h0.72137037037037c0.010268518518519,0,0.016935185185185-0.010805555555556,0.012351851851852-0.019981481481481L0.51235185185185,0.17212037037037 c-0.0050925925925926-0.010175925925926-0.019611111111111-0.010175925925926-0.024703703703704,0L0.12696296296296,0.8935C0.12237037037037,0.90267592592593,0.1290462962963,0.91348148148148,0.13931481481481,0.91348148148148z\"\/>\n\t\t\t<circle cx=\"0.107148148148148\" cy=\"0.059703703703704\" r=\"0.059703703703704\"\/>\n\t\t\t<circle cx=\"0.892861111111111\" cy=\"0.059703703703704\" r=\"0.059703703703704\"\/>\n\t\t<\/clipPath>\n\t\t<\/defs>\n\t<\/svg>\n\t\t\t<div class=\"main-container\">\n\t\t<div class=\"contenedor-principal\" data-anim=true data-scroll-speed=.5 style=\"background-image:url('')\">\n\t\t\t<h1 class=\"sub-mega\"><p>Nuestro manifiesto.<\/p>\n<\/h1>\t\t\n\t\t\t\t\t\t\t\t\t\n\t\t<\/div>\n\t\t\n\t<\/div>\n\t\t\t<script type=\"text\/javascript\">\n\t\t$(document).ready(function(){\n\n\t\t\tvar _el = $('#el-5011');\n\t\t\tif(navigator.vendor ==  \"Apple Computer, Inc.\"){\n\t\t\t\t_el.addClass('safari');\t\n\t\t\t}\n\t\t\t_checkScroll(_el);\n\t\t\t$(document).scroll(function(){\n\t\t\t\t_checkScroll(_el);\n\t\t\t})\n\t\t});\n\t\tfunction _checkScroll(_el){\n\t\t\t\n\t\t\tvar _per = ($(document).scrollTop()-_el.position().top)\/(_el.outerHeight());\n\t\t\tif(_per<0) _per = 0;\n\t\t\tvar _max = $('.mascara-container').outerHeight()*.55;\n\t\t\tvar _val = -_max+_per*_max;\n\t\t\t\n\t\t\tgsap.to(_el.find('.imagen-mask'), {backgroundPosition:\"50% \"+(60+_per*40)+\"%\" ,ease:\"power3.out\",duration:1});\n\t\t\tvar _move = _el.outerHeight()*(.5+.15*_per);\n\t\t\tgsap.to(_el.find('.mascara-container'), {top:_move ,ease:\"power3.out\",duration:.7});\n\t\t}\n\t<\/script>\n\t<\/section>\n<div class=\"main-container\">\n\n\n<p>Nosotros, la humanidad, fabricamos cosas. Lo hacemos todos los d\u00edas, en todas partes del planeta, y lo hacemos por una raz\u00f3n: porque lo necesitamos. Tan as\u00ed, que seguiremos haci\u00e9ndolo incluso a riesgo de quebrar el delicado equilibrio de nuestra bi\u00f3sfera.<\/p>\n\n\n\n<p>En los \u00faltimos 1200 a\u00f1os, hemos perdido la mitad de la biomasa del mundo. Por otra parte, la cantidad de objetos y materiales creados por el ser humano se increment\u00f3 exponencialmente a lo largo del \u00faltimo siglo. Desde el a\u00f1o 2020, se calcula que existe en el planeta la misma cantidad de materia generada por la humanidad que la de todos los seres vivos juntos. Solo ese dato basta para tomar otra perspectiva respecto a nuestra relaci\u00f3n con la naturaleza.<\/p>\n\n\n\n<p>Hasta ahora, no parece que hayamos encontrado una manera de abastecer la demanda de bienes de toda la econom\u00eda mundial sin exceder los l\u00edmites planetarios \u2014fronteras termodin\u00e1micas duras, el lado no negociable de la Tierra\u2014. Necesitamos nuevas formas de producir, formas sustentables. Y aqu\u00ed es donde entra St\u00e4mm.<\/p>\n\n\n\n<p>Se ha estimado que el 60% de esa demanda podr\u00eda satisfacerse con bioprocesos. Es decir, con productos generados a partir de c\u00e9lulas animales, vegetales, microbianas o f\u00fangicas. Dicho de otro modo, podr\u00edamos literalmente cultivar m\u00e1s de la mitad de las cosas que necesitamos: anticuerpos para tratar enfermedades, carnes para alimentarnos y ropa para abrigarnos.<\/p>\n\n\n\n<p>Los bioprocesos han probado ser la forma m\u00e1s eficiente de obtener materiales de manera sustentable, y sin embargo, a\u00fan es necesaria una transformaci\u00f3n profunda, casi una revoluci\u00f3n, para que esos bioprocesos sean f\u00e1ciles.<\/p>\n\n\n\n<p>\u00bfPor qu\u00e9 tienen que ser f\u00e1ciles? Porque f\u00e1ciles significa escalables, procesos eficientes que puedan generar enormes cantidades de productos a partir de pocos materiales, lo que abre la puerta a la comercializaci\u00f3n en mercados de alta demanda.<\/p>\n\n\n\n<p>Porque f\u00e1ciles significa repetibles, es decir, automatizados, para que la interacci\u00f3n entre el mundo biol\u00f3gico y el digital sea tan precisa que los bioprocesos puedan ser dise\u00f1ados y ejecutados a partir de modelos computacionales.<\/p>\n\n\n\n<p>Y sobre todo, porque f\u00e1ciles significa que no tengan lugar exclusivamente en instalaciones grandes, complejas, caras y operadas por muchas personas, sino que puedan ser accesibles para que ocurran en todos lados y con costos muy reducidos, al alcance incluso de peque\u00f1as empresas locales.<\/p>\n\n\n\n<p>Esto es lo que estamos haciendo en St\u00e4mm.<\/p>\n\n\n\n<p>Ese es el paradigma que estamos cambiando.<\/p>\n\n\n\n<p><\/p>\n","protected":false},"excerpt":{"rendered":"<p>Nosotros, la humanidad, fabricamos cosas. Lo hacemos todos los d\u00edas, en todas partes del planeta, y lo hacemos por una raz\u00f3n: porque lo necesitamos. Tan as\u00ed, que seguiremos haci\u00e9ndolo incluso a riesgo de quebrar el delicado equilibrio de nuestra bi\u00f3sfera. En los \u00faltimos 1200 a\u00f1os, hemos perdido la mitad de la biomasa del mundo. Por <a href=\"https:\/\/www.stamm.bio\/es\/nuestro-manifiesto\/\" class=\"more-link\">&#8230;<span class=\"screen-reader-text\">  Nuestro manifiesto<\/span><\/a><\/p>\n","protected":false},"author":2,"featured_media":0,"parent":0,"menu_order":10,"comment_status":"closed","ping_status":"closed","template":"","meta":{"_acf_changed":false,"footnotes":"","_links_to":"","_links_to_target":""},"class_list":["post-4266","page","type-page","status-publish","hentry"],"acf":[],"yoast_head":"<!-- This site is optimized with the Yoast SEO plugin v27.4 - https:\/\/yoast.com\/product\/yoast-seo-wordpress\/ -->\n<title>Nuestro manifiesto - St&auml;mm<\/title>\n<meta name=\"robots\" content=\"index, follow, max-snippet:-1, max-image-preview:large, max-video-preview:-1\" \/>\n<link rel=\"canonical\" href=\"https:\/\/www.stamm.bio\/es\/nuestro-manifiesto\/\" \/>\n<meta property=\"og:locale\" content=\"es_ES\" \/>\n<meta property=\"og:type\" content=\"article\" \/>\n<meta property=\"og:title\" content=\"Nuestro manifiesto - St&auml;mm\" \/>\n<meta property=\"og:description\" content=\"Nosotros, la humanidad, fabricamos cosas. Lo hacemos todos los d\u00edas, en todas partes del planeta, y lo hacemos por una raz\u00f3n: porque lo necesitamos. Tan as\u00ed, que seguiremos haci\u00e9ndolo incluso a riesgo de quebrar el delicado equilibrio de nuestra bi\u00f3sfera. En los \u00faltimos 1200 a\u00f1os, hemos perdido la mitad de la biomasa del mundo. Por ... Nuestro manifiesto\" \/>\n<meta property=\"og:url\" content=\"https:\/\/www.stamm.bio\/es\/nuestro-manifiesto\/\" \/>\n<meta property=\"og:site_name\" content=\"St&auml;mm\" \/>\n<meta property=\"article:modified_time\" content=\"2024-12-18T18:24:37+00:00\" \/>\n<meta name=\"twitter:card\" content=\"summary_large_image\" \/>\n<meta name=\"twitter:site\" content=\"@StammBio\" \/>\n<meta name=\"twitter:label1\" content=\"Tiempo de lectura\" \/>\n\t<meta name=\"twitter:data1\" content=\"2 minutos\" \/>\n<script type=\"application\/ld+json\" class=\"yoast-schema-graph\">{\"@context\":\"https:\\\/\\\/schema.org\",\"@graph\":[{\"@type\":\"WebPage\",\"@id\":\"https:\\\/\\\/www.stamm.bio\\\/es\\\/nuestro-manifiesto\\\/\",\"url\":\"https:\\\/\\\/www.stamm.bio\\\/es\\\/nuestro-manifiesto\\\/\",\"name\":\"Nuestro manifiesto - St&auml;mm\",\"isPartOf\":{\"@id\":\"https:\\\/\\\/www.stamm.bio\\\/#website\"},\"datePublished\":\"2024-11-07T19:40:54+00:00\",\"dateModified\":\"2024-12-18T18:24:37+00:00\",\"breadcrumb\":{\"@id\":\"https:\\\/\\\/www.stamm.bio\\\/es\\\/nuestro-manifiesto\\\/#breadcrumb\"},\"inLanguage\":\"es\",\"potentialAction\":[{\"@type\":\"ReadAction\",\"target\":[\"https:\\\/\\\/www.stamm.bio\\\/es\\\/nuestro-manifiesto\\\/\"]}]},{\"@type\":\"BreadcrumbList\",\"@id\":\"https:\\\/\\\/www.stamm.bio\\\/es\\\/nuestro-manifiesto\\\/#breadcrumb\",\"itemListElement\":[{\"@type\":\"ListItem\",\"position\":1,\"name\":\"Home\",\"item\":\"https:\\\/\\\/www.stamm.bio\\\/es\\\/\"},{\"@type\":\"ListItem\",\"position\":2,\"name\":\"Nuestro manifiesto\"}]},{\"@type\":\"WebSite\",\"@id\":\"https:\\\/\\\/www.stamm.bio\\\/#website\",\"url\":\"https:\\\/\\\/www.stamm.bio\\\/\",\"name\":\"St\u00e4mm\",\"description\":\"Internet of life\",\"publisher\":{\"@id\":\"https:\\\/\\\/www.stamm.bio\\\/#organization\"},\"potentialAction\":[{\"@type\":\"SearchAction\",\"target\":{\"@type\":\"EntryPoint\",\"urlTemplate\":\"https:\\\/\\\/www.stamm.bio\\\/?s={search_term_string}\"},\"query-input\":{\"@type\":\"PropertyValueSpecification\",\"valueRequired\":true,\"valueName\":\"search_term_string\"}}],\"inLanguage\":\"es\"},{\"@type\":\"Organization\",\"@id\":\"https:\\\/\\\/www.stamm.bio\\\/#organization\",\"name\":\"St\u00e4mm\",\"url\":\"https:\\\/\\\/www.stamm.bio\\\/\",\"logo\":{\"@type\":\"ImageObject\",\"inLanguage\":\"es\",\"@id\":\"https:\\\/\\\/www.stamm.bio\\\/#\\\/schema\\\/logo\\\/image\\\/\",\"url\":\"https:\\\/\\\/www.stamm.bio\\\/wp-content\\\/uploads\\\/2025\\\/02\\\/st_logo_green.png\",\"contentUrl\":\"https:\\\/\\\/www.stamm.bio\\\/wp-content\\\/uploads\\\/2025\\\/02\\\/st_logo_green.png\",\"width\":310,\"height\":60,\"caption\":\"St\u00e4mm\"},\"image\":{\"@id\":\"https:\\\/\\\/www.stamm.bio\\\/#\\\/schema\\\/logo\\\/image\\\/\"},\"sameAs\":[\"https:\\\/\\\/x.com\\\/StammBio\",\"https:\\\/\\\/www.instagram.com\\\/stamm.bio\\\/\",\"https:\\\/\\\/www.linkedin.com\\\/company\\\/stammbiotech\\\/\",\"https:\\\/\\\/medium.com\\\/@StammBio\"]}]}<\/script>\n<!-- \/ Yoast SEO plugin. -->","yoast_head_json":{"title":"Nuestro manifiesto - St&auml;mm","robots":{"index":"index","follow":"follow","max-snippet":"max-snippet:-1","max-image-preview":"max-image-preview:large","max-video-preview":"max-video-preview:-1"},"canonical":"https:\/\/www.stamm.bio\/es\/nuestro-manifiesto\/","og_locale":"es_ES","og_type":"article","og_title":"Nuestro manifiesto - St&auml;mm","og_description":"Nosotros, la humanidad, fabricamos cosas. Lo hacemos todos los d\u00edas, en todas partes del planeta, y lo hacemos por una raz\u00f3n: porque lo necesitamos. Tan as\u00ed, que seguiremos haci\u00e9ndolo incluso a riesgo de quebrar el delicado equilibrio de nuestra bi\u00f3sfera. En los \u00faltimos 1200 a\u00f1os, hemos perdido la mitad de la biomasa del mundo. Por ... Nuestro manifiesto","og_url":"https:\/\/www.stamm.bio\/es\/nuestro-manifiesto\/","og_site_name":"St&auml;mm","article_modified_time":"2024-12-18T18:24:37+00:00","twitter_card":"summary_large_image","twitter_site":"@StammBio","twitter_misc":{"Tiempo de lectura":"2 minutos"},"schema":{"@context":"https:\/\/schema.org","@graph":[{"@type":"WebPage","@id":"https:\/\/www.stamm.bio\/es\/nuestro-manifiesto\/","url":"https:\/\/www.stamm.bio\/es\/nuestro-manifiesto\/","name":"Nuestro manifiesto - St&auml;mm","isPartOf":{"@id":"https:\/\/www.stamm.bio\/#website"},"datePublished":"2024-11-07T19:40:54+00:00","dateModified":"2024-12-18T18:24:37+00:00","breadcrumb":{"@id":"https:\/\/www.stamm.bio\/es\/nuestro-manifiesto\/#breadcrumb"},"inLanguage":"es","potentialAction":[{"@type":"ReadAction","target":["https:\/\/www.stamm.bio\/es\/nuestro-manifiesto\/"]}]},{"@type":"BreadcrumbList","@id":"https:\/\/www.stamm.bio\/es\/nuestro-manifiesto\/#breadcrumb","itemListElement":[{"@type":"ListItem","position":1,"name":"Home","item":"https:\/\/www.stamm.bio\/es\/"},{"@type":"ListItem","position":2,"name":"Nuestro manifiesto"}]},{"@type":"WebSite","@id":"https:\/\/www.stamm.bio\/#website","url":"https:\/\/www.stamm.bio\/","name":"St\u00e4mm","description":"Internet of life","publisher":{"@id":"https:\/\/www.stamm.bio\/#organization"},"potentialAction":[{"@type":"SearchAction","target":{"@type":"EntryPoint","urlTemplate":"https:\/\/www.stamm.bio\/?s={search_term_string}"},"query-input":{"@type":"PropertyValueSpecification","valueRequired":true,"valueName":"search_term_string"}}],"inLanguage":"es"},{"@type":"Organization","@id":"https:\/\/www.stamm.bio\/#organization","name":"St\u00e4mm","url":"https:\/\/www.stamm.bio\/","logo":{"@type":"ImageObject","inLanguage":"es","@id":"https:\/\/www.stamm.bio\/#\/schema\/logo\/image\/","url":"https:\/\/www.stamm.bio\/wp-content\/uploads\/2025\/02\/st_logo_green.png","contentUrl":"https:\/\/www.stamm.bio\/wp-content\/uploads\/2025\/02\/st_logo_green.png","width":310,"height":60,"caption":"St\u00e4mm"},"image":{"@id":"https:\/\/www.stamm.bio\/#\/schema\/logo\/image\/"},"sameAs":["https:\/\/x.com\/StammBio","https:\/\/www.instagram.com\/stamm.bio\/","https:\/\/www.linkedin.com\/company\/stammbiotech\/","https:\/\/medium.com\/@StammBio"]}]}},"_links":{"self":[{"href":"https:\/\/www.stamm.bio\/es\/wp-json\/wp\/v2\/pages\/4266","targetHints":{"allow":["GET"]}}],"collection":[{"href":"https:\/\/www.stamm.bio\/es\/wp-json\/wp\/v2\/pages"}],"about":[{"href":"https:\/\/www.stamm.bio\/es\/wp-json\/wp\/v2\/types\/page"}],"author":[{"embeddable":true,"href":"https:\/\/www.stamm.bio\/es\/wp-json\/wp\/v2\/users\/2"}],"replies":[{"embeddable":true,"href":"https:\/\/www.stamm.bio\/es\/wp-json\/wp\/v2\/comments?post=4266"}],"version-history":[{"count":3,"href":"https:\/\/www.stamm.bio\/es\/wp-json\/wp\/v2\/pages\/4266\/revisions"}],"predecessor-version":[{"id":4274,"href":"https:\/\/www.stamm.bio\/es\/wp-json\/wp\/v2\/pages\/4266\/revisions\/4274"}],"wp:attachment":[{"href":"https:\/\/www.stamm.bio\/es\/wp-json\/wp\/v2\/media?parent=4266"}],"curies":[{"name":"wp","href":"https:\/\/api.w.org\/{rel}","templated":true}]}}