{"id":4264,"date":"2024-11-12T13:39:28","date_gmt":"2024-11-12T13:39:28","guid":{"rendered":"https:\/\/www.stamm.bio\/?page_id=4264"},"modified":"2025-02-13T17:58:51","modified_gmt":"2025-02-13T17:58:51","slug":"nuestra-historia","status":"publish","type":"page","link":"https:\/\/www.stamm.bio\/es\/nuestra-historia\/","title":{"rendered":"Nuestra historia"},"content":{"rendered":"<\/div>\n<section id=\"el-7428\" class=\"hero mvp big-hero f-negro\" style=\"background-image:url('https:\/\/www.stamm.bio\/wp-content\/uploads\/2024\/11\/St_Story_Hero_b.jpg')\"  id=\"\">\n\t<div class=\"test-imagen\"><\/div>\n\t\t\t<div class=\"main-container\">\n\t\t<div class=\"contenedor-principal\" data-anim=true data-scroll-speed=.5 style=\"background-image:url('')\">\n\t\t\t<h1 class=\"sub-mega\"><p>Nuestra historia.<\/p>\n<\/h1>\t\t\n\t\t\t\t\t\t\t\t\t\n\t\t<\/div>\n\t\t\n\t<\/div>\n\t\t<\/section>\n<div class=\"main-container\">\n\n<\/div>\n<section class=\"modulo-timeline f-negro\" id=\"\">\n\t\t<div class=\"main-container\">\n\t\t<div class=\"timeline-nav\">\n\t\t\t<nav>\n\t\t\t\t<ul>\n\t\t\t\t\t\t\t\t\t<li class=\"\" style=\"left: 0%\">\n\t\t\t\t\t\t<a href=\"#time-2013\">\n\t\t\t\t\t\t<span class=\"year\">\n\t\t\t\t\t\t\t2013\t\t\t\t\t\t<\/span>\n\t\t\t\t\t\t<\/a>\n\t\t\t\t\t<\/li>\n\t\t\t\t\t\t\t\t\t<li class=\"\" style=\"left: 7.7%\">\n\t\t\t\t\t\t<a href=\"#time-2014\">\n\t\t\t\t\t\t<span class=\"year\">\n\t\t\t\t\t\t\t2014\t\t\t\t\t\t<\/span>\n\t\t\t\t\t\t<\/a>\n\t\t\t\t\t<\/li>\n\t\t\t\t\t\t\t\t\t<li class=\"\" style=\"left: 15.4%\">\n\t\t\t\t\t\t<a href=\"#time-2015\">\n\t\t\t\t\t\t<span class=\"year\">\n\t\t\t\t\t\t\t2015\t\t\t\t\t\t<\/span>\n\t\t\t\t\t\t<\/a>\n\t\t\t\t\t<\/li>\n\t\t\t\t\t\t\t\t\t<li class=\"\" style=\"left: 23.1%\">\n\t\t\t\t\t\t<a href=\"#time-2016\">\n\t\t\t\t\t\t<span class=\"year\">\n\t\t\t\t\t\t\t2016\t\t\t\t\t\t<\/span>\n\t\t\t\t\t\t<\/a>\n\t\t\t\t\t<\/li>\n\t\t\t\t\t\t\t\t\t<li class=\"\" style=\"left: 30.8%\">\n\t\t\t\t\t\t<a href=\"#time-2017\">\n\t\t\t\t\t\t<span class=\"year\">\n\t\t\t\t\t\t\t2017\t\t\t\t\t\t<\/span>\n\t\t\t\t\t\t<\/a>\n\t\t\t\t\t<\/li>\n\t\t\t\t\t\t\t\t\t<li class=\"\" style=\"left: 38.5%\">\n\t\t\t\t\t\t<a href=\"#time-2018\">\n\t\t\t\t\t\t<span class=\"year\">\n\t\t\t\t\t\t\t2018\t\t\t\t\t\t<\/span>\n\t\t\t\t\t\t<\/a>\n\t\t\t\t\t<\/li>\n\t\t\t\t\t\t\t\t\t<li class=\"\" style=\"left: 46.2%\">\n\t\t\t\t\t\t<a href=\"#time-2019\">\n\t\t\t\t\t\t<span class=\"year\">\n\t\t\t\t\t\t\t2019\t\t\t\t\t\t<\/span>\n\t\t\t\t\t\t<\/a>\n\t\t\t\t\t<\/li>\n\t\t\t\t\t\t\t\t\t<li class=\"\" style=\"left: 53.8%\">\n\t\t\t\t\t\t<a href=\"#time-2020\">\n\t\t\t\t\t\t<span class=\"year\">\n\t\t\t\t\t\t\t2020\t\t\t\t\t\t<\/span>\n\t\t\t\t\t\t<\/a>\n\t\t\t\t\t<\/li>\n\t\t\t\t\t\t\t\t\t<li class=\"\" style=\"left: 61.5%\">\n\t\t\t\t\t\t<a href=\"#time-2021\">\n\t\t\t\t\t\t<span class=\"year\">\n\t\t\t\t\t\t\t2021\t\t\t\t\t\t<\/span>\n\t\t\t\t\t\t<\/a>\n\t\t\t\t\t<\/li>\n\t\t\t\t\t\t\t\t\t<li class=\"\" style=\"left: 69.2%\">\n\t\t\t\t\t\t<a href=\"#time-2022\">\n\t\t\t\t\t\t<span class=\"year\">\n\t\t\t\t\t\t\t2022\t\t\t\t\t\t<\/span>\n\t\t\t\t\t\t<\/a>\n\t\t\t\t\t<\/li>\n\t\t\t\t\t\t\t\t\t<li class=\"\" style=\"left: 76.9%\">\n\t\t\t\t\t\t<a href=\"#time-2023\">\n\t\t\t\t\t\t<span class=\"year\">\n\t\t\t\t\t\t\t2023\t\t\t\t\t\t<\/span>\n\t\t\t\t\t\t<\/a>\n\t\t\t\t\t<\/li>\n\t\t\t\t\t\t\t\t\t<li class=\"\" style=\"left: 84.6%\">\n\t\t\t\t\t\t<a href=\"#time-2024\">\n\t\t\t\t\t\t<span class=\"year\">\n\t\t\t\t\t\t\t2024\t\t\t\t\t\t<\/span>\n\t\t\t\t\t\t<\/a>\n\t\t\t\t\t<\/li>\n\t\t\t\t\t\t\n\t\t\t\t<\/ul>\n\t\t\t<\/nav>\n\t\t\t\n\n\t\t<\/div>\n\t\t\n\t\t<div class=\"timeline-contiainer\">\n\t\t\t\t\t\t\t<article class=\"timeline-unit\" id=\"time-2013\">\n\t\t\t\t\t<div class=\"year only-desk \">2013<\/div>\n\t\t\t\t\t<div class=\"image\" data-anim=true data-scroll-speed=.2 >\n\t\t\t\t\t\t\t\t\t\t\t\t<img decoding=\"async\" class=\"small\" src=\"https:\/\/www.stamm.bio\/wp-content\/uploads\/2024\/11\/Our-History-2013.jpg\">\n\t\t\t\t\t\t\t\t\t\t\t<\/div>\n\t\t\t\t\t<div class=\"content\" data-anim=true data-scroll-speed=-.2 >\n\t\t\t\t\t\t<div class=\"year-mob only-mob\">2013<\/div>\n\t\t\t\t\t\t<div class=\"inner-content \">\n\t\t\t\t\t\t\t\t\t\t\t\t\t\t\t<div class=\"milestone\">\n\t\t\t\t\t\t\t\t\t<h3 class=\"subtit\"><p>Todo empez\u00f3 haciendo cerveza.<\/p>\n<\/h3>\n\t\t\t\t\t\t\t\t\t<div class=\"content-inner\">\n\t\t\t\t\t\t\t\t\t\t<p>Dos primos, Yuyo Llamazares Vegh y Federico D&#8217;Alvia Vegh, aprendieron a elaborar cerveza de su abuelo como hobby para amigos y familiares.<\/p>\n<p>Al querer experimentar con nuevos tipos de cerveza, se dieron cuenta de que necesitaban levadura l\u00edquida.<\/p>\n<p>Al no estar disponible en el mercado en ese momento, decidieron fabricar la propia.<\/p>\n\t\t\t\t\t\t\t\t\t\t\t\t\t\t\t\t\t\t\t<\/div>\n\t\t\t\t\t\t\t\t<\/div>\n\t\t\t\t\t\t\t\t\t\t\t\t\t<\/div>\n\t\t\t\t\t\t\n\t\t\t\t\t<\/div>\n\t\t\t\t\t\n\t\t\t\t<\/article>\n\t\t\t\t\t\t\t<article class=\"timeline-unit\" id=\"time-2014\">\n\t\t\t\t\t<div class=\"year only-desk \">2014<\/div>\n\t\t\t\t\t<div class=\"image\" data-anim=true data-scroll-speed=.2 >\n\t\t\t\t\t\t\t\t\t\t\t\t<img decoding=\"async\" class=\"\" src=\"https:\/\/www.stamm.bio\/wp-content\/uploads\/2024\/11\/Our-History-2014.jpg\">\n\t\t\t\t\t\t\t\t\t\t\t<\/div>\n\t\t\t\t\t<div class=\"content\" data-anim=true data-scroll-speed=-.2 >\n\t\t\t\t\t\t<div class=\"year-mob only-mob\">2014<\/div>\n\t\t\t\t\t\t<div class=\"inner-content \">\n\t\t\t\t\t\t\t\t\t\t\t\t\t\t\t<div class=\"milestone\">\n\t\t\t\t\t\t\t\t\t<h3 class=\"subtit\"><p>El problema detr\u00e1s.<\/p>\n<\/h3>\n\t\t\t\t\t\t\t\t\t<div class=\"content-inner\">\n\t\t\t\t\t\t\t\t\t\t<p>Elaborar cerveza es un bioproceso que usa c\u00e9lulas vivas de levadura. A medida que se adentraban en su producci\u00f3n, se encontraron con un reto mayor.<\/p>\n<p>Se dieron cuenta de que los m\u00e9todos tradicionales de bioprocesamiento no hab\u00edan cambiado en mucho tiempo y necesitaban mejorar su eficiencia y escalabilidad.<\/p>\n<p>Esto frenaba la innovaci\u00f3n en campos que dependen de los bioprocesos: la salud, la alimentaci\u00f3n, la energ\u00eda&#8230;<\/p>\n\t\t\t\t\t\t\t\t\t\t\t\t\t\t\t\t\t\t\t<\/div>\n\t\t\t\t\t\t\t\t<\/div>\n\t\t\t\t\t\t\t\t\t\t\t\t\t<\/div>\n\t\t\t\t\t\t\n\t\t\t\t\t<\/div>\n\t\t\t\t\t\n\t\t\t\t<\/article>\n\t\t\t\t\t\t\t<article class=\"timeline-unit\" id=\"time-2015\">\n\t\t\t\t\t<div class=\"year only-desk \">2015<\/div>\n\t\t\t\t\t<div class=\"image\" data-anim=true data-scroll-speed=.2 >\n\t\t\t\t\t\t\t\t\t\t\t\t<img decoding=\"async\" class=\"\" src=\"https:\/\/www.stamm.bio\/wp-content\/uploads\/2024\/11\/Our-History-2015.jpg\">\n\t\t\t\t\t\t\t\t\t\t\t<\/div>\n\t\t\t\t\t<div class=\"content\" data-anim=true data-scroll-speed=-.2 >\n\t\t\t\t\t\t<div class=\"year-mob only-mob\">2015<\/div>\n\t\t\t\t\t\t<div class=\"inner-content \">\n\t\t\t\t\t\t\t\t\t\t\t\t\t\t\t<div class=\"milestone\">\n\t\t\t\t\t\t\t\t\t<h3 class=\"subtit\"><p>Biomanufactura f\u00e1cil, escalable y repetible.<\/p>\n<\/h3>\n\t\t\t\t\t\t\t\t\t<div class=\"content-inner\">\n\t\t\t\t\t\t\t\t\t\t<p>Yuyo y Federico decidieron centrar su atenci\u00f3n en resolver este cuello de botella en la industria de la biomanufactura. Con el apoyo de otras empresas y personas, St\u00e4mm no dej\u00f3 de crecer desde entonces.<\/p>\n\t\t\t\t\t\t\t\t\t\t\t\t\t\t\t\t\t\t\t<\/div>\n\t\t\t\t\t\t\t\t<\/div>\n\t\t\t\t\t\t\t\t\t\t\t\t\t<\/div>\n\t\t\t\t\t\t\n\t\t\t\t\t<\/div>\n\t\t\t\t\t\n\t\t\t\t<\/article>\n\t\t\t\t\t\t\t<article class=\"timeline-unit\" id=\"time-2016\">\n\t\t\t\t\t<div class=\"year only-desk \">2016<\/div>\n\t\t\t\t\t<div class=\"image\" data-anim=true data-scroll-speed=.2 >\n\t\t\t\t\t\t\t\t\t\t\t<\/div>\n\t\t\t\t\t<div class=\"content\" data-anim=true data-scroll-speed=-.2 >\n\t\t\t\t\t\t<div class=\"year-mob only-mob\">2016<\/div>\n\t\t\t\t\t\t<div class=\"inner-content \">\n\t\t\t\t\t\t\t\t\t\t\t\t\t\t\t<div class=\"milestone\">\n\t\t\t\t\t\t\t\t\t<h3 class=\"subtit\"><p>Singularity University.<\/p>\n<\/h3>\n\t\t\t\t\t\t\t\t\t<div class=\"content-inner\">\n\t\t\t\t\t\t\t\t\t\t<p>Gracias a su perfil disruptivo, el concepto modelo de St\u00e4mm fue seleccionado para el Programa Global de Innovaci\u00f3n 2016 de Singularity University, una de las instituciones acad\u00e9micas m\u00e1s innovadoras del mundo.<\/p>\n\t\t\t\t\t\t\t\t\t\t\t\t\t\t\t\t\t\t\t<\/div>\n\t\t\t\t\t\t\t\t<\/div>\n\t\t\t\t\t\t\t\t\t\t\t\t\t<\/div>\n\t\t\t\t\t\t\n\t\t\t\t\t<\/div>\n\t\t\t\t\t\n\t\t\t\t<\/article>\n\t\t\t\t\t\t\t<article class=\"timeline-unit\" id=\"time-2017\">\n\t\t\t\t\t<div class=\"year only-desk \">2017<\/div>\n\t\t\t\t\t<div class=\"image\" data-anim=true data-scroll-speed=.2 >\n\t\t\t\t\t\t\t\t\t\t\t\t<img decoding=\"async\" class=\"\" src=\"https:\/\/www.stamm.bio\/wp-content\/uploads\/2024\/11\/2016-grid.png\">\n\t\t\t\t\t\t\t\t\t\t\t<\/div>\n\t\t\t\t\t<div class=\"content\" data-anim=true data-scroll-speed=-.2 >\n\t\t\t\t\t\t<div class=\"year-mob only-mob\">2017<\/div>\n\t\t\t\t\t\t<div class=\"inner-content \">\n\t\t\t\t\t\t\t\t\t\t\t\t\t\t\t<div class=\"milestone\">\n\t\t\t\t\t\t\t\t\t<h3 class=\"subtit\"><p>Incorporaci\u00f3n al portfolio de GridX.<\/p>\n<\/h3>\n\t\t\t\t\t\t\t\t\t<div class=\"content-inner\">\n\t\t\t\t\t\t\t\t\t\t<p>St\u00e4mm se convirti\u00f3 en la primera empresa en la cartera de la aceleradora de start-ups GridX, con el objetivo de impulsar su crecimiento de forma exponencial.<\/p>\n\t\t\t\t\t\t\t\t\t\t\t\t\t\t\t\t\t\t\t<\/div>\n\t\t\t\t\t\t\t\t<\/div>\n\t\t\t\t\t\t\t\t\t\t\t\t\t<\/div>\n\t\t\t\t\t\t\n\t\t\t\t\t<\/div>\n\t\t\t\t\t\n\t\t\t\t<\/article>\n\t\t\t\t\t\t\t<article class=\"timeline-unit\" id=\"time-2018\">\n\t\t\t\t\t<div class=\"year only-desk \">2018<\/div>\n\t\t\t\t\t<div class=\"image\" data-anim=true data-scroll-speed=.2 >\n\t\t\t\t\t\t\t\t\t\t\t\t<img decoding=\"async\" class=\"\" src=\"https:\/\/www.stamm.bio\/wp-content\/uploads\/2024\/11\/Our-History-2018.jpg\">\n\t\t\t\t\t\t\t\t\t\t\t<\/div>\n\t\t\t\t\t<div class=\"content\" data-anim=true data-scroll-speed=-.2 >\n\t\t\t\t\t\t<div class=\"year-mob only-mob\">2018<\/div>\n\t\t\t\t\t\t<div class=\"inner-content \">\n\t\t\t\t\t\t\t\t\t\t\t\t\t\t\t<div class=\"milestone\">\n\t\t\t\t\t\t\t\t\t<h3 class=\"subtit\"><p>IndieBio SF Batch 7.<\/p>\n<\/h3>\n\t\t\t\t\t\t\t\t\t<div class=\"content-inner\">\n\t\t\t\t\t\t\t\t\t\t<p>IndieBio, la mayor aceleradora biotecnol\u00f3gica del mundo, invit\u00f3 a los fundadores Yuyo y Federico a participar en su programa de desarrollo de start-ups biotecnol\u00f3gicas.<\/p>\n\t\t\t\t\t\t\t\t\t\t\t\t\t\t\t\t\t\t\t<\/div>\n\t\t\t\t\t\t\t\t<\/div>\n\t\t\t\t\t\t\t\t\t\t\t\t\t<\/div>\n\t\t\t\t\t\t\n\t\t\t\t\t<\/div>\n\t\t\t\t\t\n\t\t\t\t<\/article>\n\t\t\t\t\t\t\t<article class=\"timeline-unit\" id=\"time-2019\">\n\t\t\t\t\t<div class=\"year only-desk \">2019<\/div>\n\t\t\t\t\t<div class=\"image\" data-anim=true data-scroll-speed=.2 >\n\t\t\t\t\t\t\t\t\t\t\t\t<img decoding=\"async\" class=\"small\" src=\"https:\/\/www.stamm.bio\/wp-content\/uploads\/2024\/11\/Our-History-2019.png\">\n\t\t\t\t\t\t\t\t\t\t\t<\/div>\n\t\t\t\t\t<div class=\"content\" data-anim=true data-scroll-speed=-.2 >\n\t\t\t\t\t\t<div class=\"year-mob only-mob\">2019<\/div>\n\t\t\t\t\t\t<div class=\"inner-content \">\n\t\t\t\t\t\t\t\t\t\t\t\t\t\t\t<div class=\"milestone\">\n\t\t\t\t\t\t\t\t\t<h3 class=\"subtit\"><p>Ronda semilla.<\/p>\n<\/h3>\n\t\t\t\t\t\t\t\t\t<div class=\"content-inner\">\n\t\t\t\t\t\t\t\t\t\t<p>St\u00e4mm recaud\u00f3 USD$ 2 millones en una ronda de financiaci\u00f3n inicial dirigida por Draper Associates.<\/p>\n\t\t\t\t\t\t\t\t\t\t\t\t\t\t\t\t\t\t\t<\/div>\n\t\t\t\t\t\t\t\t<\/div>\n\t\t\t\t\t\t\t\t\t\t\t\t\t<\/div>\n\t\t\t\t\t\t\n\t\t\t\t\t<\/div>\n\t\t\t\t\t\n\t\t\t\t<\/article>\n\t\t\t\t\t\t\t<article class=\"timeline-unit\" id=\"time-2020\">\n\t\t\t\t\t<div class=\"year only-desk \">2020<\/div>\n\t\t\t\t\t<div class=\"image\" data-anim=true data-scroll-speed=.2 >\n\t\t\t\t\t\t\t\t\t\t\t\t<img decoding=\"async\" class=\"\" src=\"https:\/\/www.stamm.bio\/wp-content\/uploads\/2024\/11\/Our-History-2020-opcion-2.jpg\">\n\t\t\t\t\t\t\t\t\t\t\t<\/div>\n\t\t\t\t\t<div class=\"content\" data-anim=true data-scroll-speed=-.2 >\n\t\t\t\t\t\t<div class=\"year-mob only-mob\">2020<\/div>\n\t\t\t\t\t\t<div class=\"inner-content \">\n\t\t\t\t\t\t\t\t\t\t\t\t\t\t\t<div class=\"milestone\">\n\t\t\t\t\t\t\t\t\t<h3 class=\"subtit\"><p>La primera sede.<\/p>\n<\/h3>\n\t\t\t\t\t\t\t\t\t<div class=\"content-inner\">\n\t\t\t\t\t\t\t\t\t\t<p>St\u00e4mm inaugur\u00f3 su primera oficina y laboratorios en el centro de Buenos Aires.<\/p>\n\t\t\t\t\t\t\t\t\t\t\t\t<div class=\"cta-container\">\n\t\t\t\n\t\t\t<a href=\"https:\/\/www.stamm.bio\/about-us\/\" target=\"\" class=\"boton\">Nuestras instalaciones<\/a>\n\t\t<\/div>\n\t\t\t\t\t\t\t\t\t\t\t<\/div>\n\t\t\t\t\t\t\t\t<\/div>\n\t\t\t\t\t\t\t\t\t\t\t\t\t<\/div>\n\t\t\t\t\t\t\n\t\t\t\t\t<\/div>\n\t\t\t\t\t\n\t\t\t\t<\/article>\n\t\t\t\t\t\t\t<article class=\"timeline-unit\" id=\"time-2021\">\n\t\t\t\t\t<div class=\"year only-desk \">2021<\/div>\n\t\t\t\t\t<div class=\"image\" data-anim=true data-scroll-speed=.2 >\n\t\t\t\t\t\t\t\t\t\t\t\t<img decoding=\"async\" class=\"\" src=\"https:\/\/www.stamm.bio\/wp-content\/uploads\/2024\/11\/story-facilities.jpg\">\n\t\t\t\t\t\t\t\t\t\t\t<\/div>\n\t\t\t\t\t<div class=\"content\" data-anim=true data-scroll-speed=-.2 >\n\t\t\t\t\t\t<div class=\"year-mob only-mob\">2021<\/div>\n\t\t\t\t\t\t<div class=\"inner-content \">\n\t\t\t\t\t\t\t\t\t\t\t\t\t\t\t<div class=\"milestone\">\n\t\t\t\t\t\t\t\t\t<h3 class=\"subtit\"><p>La expansi\u00f3n contin\u00faa.<\/p>\n<\/h3>\n\t\t\t\t\t\t\t\t\t<div class=\"content-inner\">\n\t\t\t\t\t\t\t\t\t\t<p>St\u00e4mm inaugur\u00f3 una bioinstalaci\u00f3n piloto en el centro de Buenos Aires con oficinas, laboratorios y talleres.<\/p>\n\t\t\t\t\t\t\t\t\t\t\t\t\t\t\t\t\t\t\t<\/div>\n\t\t\t\t\t\t\t\t<\/div>\n\t\t\t\t\t\t\t\t\t\t\t\t\t<\/div>\n\t\t\t\t\t\t\n\t\t\t\t\t<\/div>\n\t\t\t\t\t\n\t\t\t\t<\/article>\n\t\t\t\t\t\t\t<article class=\"timeline-unit\" id=\"time-2022\">\n\t\t\t\t\t<div class=\"year only-desk \">2022<\/div>\n\t\t\t\t\t<div class=\"image\" data-anim=true data-scroll-speed=.2 >\n\t\t\t\t\t\t\t\t\t\t\t\t<img decoding=\"async\" class=\"\" src=\"https:\/\/www.stamm.bio\/wp-content\/uploads\/2024\/11\/Our-History-2022.jpg\">\n\t\t\t\t\t\t\t\t\t\t\t<\/div>\n\t\t\t\t\t<div class=\"content\" data-anim=true data-scroll-speed=-.2 >\n\t\t\t\t\t\t<div class=\"year-mob only-mob\">2022<\/div>\n\t\t\t\t\t\t<div class=\"inner-content \">\n\t\t\t\t\t\t\t\t\t\t\t\t\t\t\t<div class=\"milestone\">\n\t\t\t\t\t\t\t\t\t<h3 class=\"subtit\"><p>Serie A.<\/p>\n<\/h3>\n\t\t\t\t\t\t\t\t\t<div class=\"content-inner\">\n\t\t\t\t\t\t\t\t\t\t<p>St\u00e4mm recaud\u00f3 su ronda de inversi\u00f3n de Serie A, liderada por Varana Capital, e inaugur\u00f3 su tercer establecimiento en Buenos Aires.<\/p>\n\t\t\t\t\t\t\t\t\t\t\t\t\t\t\t\t\t\t\t<\/div>\n\t\t\t\t\t\t\t\t<\/div>\n\t\t\t\t\t\t\t\t\t\t\t\t\t<\/div>\n\t\t\t\t\t\t\n\t\t\t\t\t<\/div>\n\t\t\t\t\t\n\t\t\t\t<\/article>\n\t\t\t\t\t\t\t<article class=\"timeline-unit\" id=\"time-2023\">\n\t\t\t\t\t<div class=\"year only-desk \">2023<\/div>\n\t\t\t\t\t<div class=\"image\" data-anim=true data-scroll-speed=.2 >\n\t\t\t\t\t\t\t\t\t\t\t\t<img decoding=\"async\" class=\"\" src=\"https:\/\/www.stamm.bio\/wp-content\/uploads\/2024\/11\/year-2023.jpg\">\n\t\t\t\t\t\t\t\t\t\t\t<\/div>\n\t\t\t\t\t<div class=\"content\" data-anim=true data-scroll-speed=-.2 >\n\t\t\t\t\t\t<div class=\"year-mob only-mob\">2023<\/div>\n\t\t\t\t\t\t<div class=\"inner-content \">\n\t\t\t\t\t\t\t\t\t\t\t\t\t\t\t<div class=\"milestone\">\n\t\t\t\t\t\t\t\t\t<h3 class=\"subtit\"><p>Validaci\u00f3n por terceros del bioprocesador.<\/p>\n<\/h3>\n\t\t\t\t\t\t\t\t\t<div class=\"content-inner\">\n\t\t\t\t\t\t\t\t\t\t<p>Dos prototipos del bioprocesador, nuestro producto principal, fueron validados en laboratorios de BioArk, un acelerador de empresas biotecnol\u00f3gicas en Valais, Suiza.<\/p>\n<p>\u00bfEl resultado? Los valores de producci\u00f3n de anticuerpos m\u00e1s altos hasta la fecha.<\/p>\n\t\t\t\t\t\t\t\t\t\t\t\t\t\t\t\t\t\t\t<\/div>\n\t\t\t\t\t\t\t\t<\/div>\n\t\t\t\t\t\t\t\t\t\t\t\t\t<\/div>\n\t\t\t\t\t\t\n\t\t\t\t\t<\/div>\n\t\t\t\t\t\n\t\t\t\t<\/article>\n\t\t\t\t\t\t\t<article class=\"timeline-unit\" id=\"time-2024\">\n\t\t\t\t\t<div class=\"year only-desk \">2024<\/div>\n\t\t\t\t\t<div class=\"image\" data-anim=true data-scroll-speed=.2 >\n\t\t\t\t\t\t\t\t\t\t\t\t<img decoding=\"async\" class=\"\" src=\"https:\/\/www.stamm.bio\/wp-content\/uploads\/2024\/11\/year-2024.jpg\">\n\t\t\t\t\t\t\t\t\t\t\t<\/div>\n\t\t\t\t\t<div class=\"content\" data-anim=true data-scroll-speed=-.2 >\n\t\t\t\t\t\t<div class=\"year-mob only-mob\">2024<\/div>\n\t\t\t\t\t\t<div class=\"inner-content \">\n\t\t\t\t\t\t\t\t\t\t\t\t\t\t\t<div class=\"milestone\">\n\t\t\t\t\t\t\t\t\t<h3 class=\"subtit\"><p>St\u00e4mm inaugur\u00f3<br \/>\ninstalaciones de I+D en BioArk.<\/p>\n<\/h3>\n\t\t\t\t\t\t\t\t\t<div class=\"content-inner\">\n\t\t\t\t\t\t\t\t\t\t<p>En colaboraci\u00f3n con el \u00e1rea metropolitana de Ginebra Berna (GGBa), St\u00e4mm inaugur\u00f3 instalaciones de I+D en BioArk, en Monthey, en el cant\u00f3n de Valais, Suiza.<\/p>\n\t\t\t\t\t\t\t\t\t\t\t\t\t\t\t\t\t\t\t<\/div>\n\t\t\t\t\t\t\t\t<\/div>\n\t\t\t\t\t\t\t\t\t\t\t\t\t<\/div>\n\t\t\t\t\t\t\n\t\t\t\t\t<\/div>\n\t\t\t\t\t\n\t\t\t\t<\/article>\n\t\t\t\t\t<\/div>\n\t<\/div>\n<\/section>\n<div class=\"main-container\">","protected":false},"excerpt":{"rendered":"","protected":false},"author":2,"featured_media":0,"parent":0,"menu_order":7,"comment_status":"closed","ping_status":"closed","template":"","meta":{"_acf_changed":false,"footnotes":"","_links_to":"","_links_to_target":""},"class_list":["post-4264","page","type-page","status-publish","hentry"],"acf":[],"yoast_head":"<!-- This site is optimized with the Yoast SEO plugin v27.4 - https:\/\/yoast.com\/product\/yoast-seo-wordpress\/ -->\n<title>Nuestra historia - St&auml;mm<\/title>\n<meta name=\"description\" content=\"De la cerveza a la biotecnolog\u00eda: descubre c\u00f3mo St\u00e4mm transforma la biomanufactura, desde sus inicios hasta su expansi\u00f3n global en Argentina, Suiza y EE. UU.\" \/>\n<meta name=\"robots\" content=\"index, follow, max-snippet:-1, max-image-preview:large, max-video-preview:-1\" \/>\n<link rel=\"canonical\" href=\"https:\/\/www.stamm.bio\/es\/nuestra-historia\/\" \/>\n<meta property=\"og:locale\" content=\"es_ES\" \/>\n<meta property=\"og:type\" content=\"article\" \/>\n<meta property=\"og:title\" content=\"Nuestra historia - St&auml;mm\" \/>\n<meta property=\"og:description\" content=\"De la cerveza a la biotecnolog\u00eda: descubre c\u00f3mo St\u00e4mm transforma la biomanufactura, desde sus inicios hasta su expansi\u00f3n global en Argentina, Suiza y EE. UU.\" \/>\n<meta property=\"og:url\" content=\"https:\/\/www.stamm.bio\/es\/nuestra-historia\/\" \/>\n<meta property=\"og:site_name\" content=\"St&auml;mm\" \/>\n<meta property=\"article:modified_time\" content=\"2025-02-13T17:58:51+00:00\" \/>\n<meta name=\"twitter:card\" content=\"summary_large_image\" \/>\n<meta name=\"twitter:site\" content=\"@StammBio\" \/>\n<script type=\"application\/ld+json\" class=\"yoast-schema-graph\">{\"@context\":\"https:\\\/\\\/schema.org\",\"@graph\":[{\"@type\":\"WebPage\",\"@id\":\"https:\\\/\\\/www.stamm.bio\\\/es\\\/nuestra-historia\\\/\",\"url\":\"https:\\\/\\\/www.stamm.bio\\\/es\\\/nuestra-historia\\\/\",\"name\":\"Nuestra historia - St&auml;mm\",\"isPartOf\":{\"@id\":\"https:\\\/\\\/www.stamm.bio\\\/#website\"},\"datePublished\":\"2024-11-12T13:39:28+00:00\",\"dateModified\":\"2025-02-13T17:58:51+00:00\",\"description\":\"De la cerveza a la biotecnolog\u00eda: descubre c\u00f3mo St\u00e4mm transforma la biomanufactura, desde sus inicios hasta su expansi\u00f3n global en Argentina, Suiza y EE. UU.\",\"breadcrumb\":{\"@id\":\"https:\\\/\\\/www.stamm.bio\\\/es\\\/nuestra-historia\\\/#breadcrumb\"},\"inLanguage\":\"es\",\"potentialAction\":[{\"@type\":\"ReadAction\",\"target\":[\"https:\\\/\\\/www.stamm.bio\\\/es\\\/nuestra-historia\\\/\"]}]},{\"@type\":\"BreadcrumbList\",\"@id\":\"https:\\\/\\\/www.stamm.bio\\\/es\\\/nuestra-historia\\\/#breadcrumb\",\"itemListElement\":[{\"@type\":\"ListItem\",\"position\":1,\"name\":\"Home\",\"item\":\"https:\\\/\\\/www.stamm.bio\\\/es\\\/\"},{\"@type\":\"ListItem\",\"position\":2,\"name\":\"Nuestra historia\"}]},{\"@type\":\"WebSite\",\"@id\":\"https:\\\/\\\/www.stamm.bio\\\/#website\",\"url\":\"https:\\\/\\\/www.stamm.bio\\\/\",\"name\":\"St\u00e4mm\",\"description\":\"Internet of life\",\"publisher\":{\"@id\":\"https:\\\/\\\/www.stamm.bio\\\/#organization\"},\"potentialAction\":[{\"@type\":\"SearchAction\",\"target\":{\"@type\":\"EntryPoint\",\"urlTemplate\":\"https:\\\/\\\/www.stamm.bio\\\/?s={search_term_string}\"},\"query-input\":{\"@type\":\"PropertyValueSpecification\",\"valueRequired\":true,\"valueName\":\"search_term_string\"}}],\"inLanguage\":\"es\"},{\"@type\":\"Organization\",\"@id\":\"https:\\\/\\\/www.stamm.bio\\\/#organization\",\"name\":\"St\u00e4mm\",\"url\":\"https:\\\/\\\/www.stamm.bio\\\/\",\"logo\":{\"@type\":\"ImageObject\",\"inLanguage\":\"es\",\"@id\":\"https:\\\/\\\/www.stamm.bio\\\/#\\\/schema\\\/logo\\\/image\\\/\",\"url\":\"https:\\\/\\\/www.stamm.bio\\\/wp-content\\\/uploads\\\/2025\\\/02\\\/st_logo_green.png\",\"contentUrl\":\"https:\\\/\\\/www.stamm.bio\\\/wp-content\\\/uploads\\\/2025\\\/02\\\/st_logo_green.png\",\"width\":310,\"height\":60,\"caption\":\"St\u00e4mm\"},\"image\":{\"@id\":\"https:\\\/\\\/www.stamm.bio\\\/#\\\/schema\\\/logo\\\/image\\\/\"},\"sameAs\":[\"https:\\\/\\\/x.com\\\/StammBio\",\"https:\\\/\\\/www.instagram.com\\\/stamm.bio\\\/\",\"https:\\\/\\\/www.linkedin.com\\\/company\\\/stammbiotech\\\/\",\"https:\\\/\\\/medium.com\\\/@StammBio\"]}]}<\/script>\n<!-- \/ Yoast SEO plugin. -->","yoast_head_json":{"title":"Nuestra historia - St&auml;mm","description":"De la cerveza a la biotecnolog\u00eda: descubre c\u00f3mo St\u00e4mm transforma la biomanufactura, desde sus inicios hasta su expansi\u00f3n global en Argentina, Suiza y EE. UU.","robots":{"index":"index","follow":"follow","max-snippet":"max-snippet:-1","max-image-preview":"max-image-preview:large","max-video-preview":"max-video-preview:-1"},"canonical":"https:\/\/www.stamm.bio\/es\/nuestra-historia\/","og_locale":"es_ES","og_type":"article","og_title":"Nuestra historia - St&auml;mm","og_description":"De la cerveza a la biotecnolog\u00eda: descubre c\u00f3mo St\u00e4mm transforma la biomanufactura, desde sus inicios hasta su expansi\u00f3n global en Argentina, Suiza y EE. UU.","og_url":"https:\/\/www.stamm.bio\/es\/nuestra-historia\/","og_site_name":"St&auml;mm","article_modified_time":"2025-02-13T17:58:51+00:00","twitter_card":"summary_large_image","twitter_site":"@StammBio","schema":{"@context":"https:\/\/schema.org","@graph":[{"@type":"WebPage","@id":"https:\/\/www.stamm.bio\/es\/nuestra-historia\/","url":"https:\/\/www.stamm.bio\/es\/nuestra-historia\/","name":"Nuestra historia - St&auml;mm","isPartOf":{"@id":"https:\/\/www.stamm.bio\/#website"},"datePublished":"2024-11-12T13:39:28+00:00","dateModified":"2025-02-13T17:58:51+00:00","description":"De la cerveza a la biotecnolog\u00eda: descubre c\u00f3mo St\u00e4mm transforma la biomanufactura, desde sus inicios hasta su expansi\u00f3n global en Argentina, Suiza y EE. UU.","breadcrumb":{"@id":"https:\/\/www.stamm.bio\/es\/nuestra-historia\/#breadcrumb"},"inLanguage":"es","potentialAction":[{"@type":"ReadAction","target":["https:\/\/www.stamm.bio\/es\/nuestra-historia\/"]}]},{"@type":"BreadcrumbList","@id":"https:\/\/www.stamm.bio\/es\/nuestra-historia\/#breadcrumb","itemListElement":[{"@type":"ListItem","position":1,"name":"Home","item":"https:\/\/www.stamm.bio\/es\/"},{"@type":"ListItem","position":2,"name":"Nuestra historia"}]},{"@type":"WebSite","@id":"https:\/\/www.stamm.bio\/#website","url":"https:\/\/www.stamm.bio\/","name":"St\u00e4mm","description":"Internet of life","publisher":{"@id":"https:\/\/www.stamm.bio\/#organization"},"potentialAction":[{"@type":"SearchAction","target":{"@type":"EntryPoint","urlTemplate":"https:\/\/www.stamm.bio\/?s={search_term_string}"},"query-input":{"@type":"PropertyValueSpecification","valueRequired":true,"valueName":"search_term_string"}}],"inLanguage":"es"},{"@type":"Organization","@id":"https:\/\/www.stamm.bio\/#organization","name":"St\u00e4mm","url":"https:\/\/www.stamm.bio\/","logo":{"@type":"ImageObject","inLanguage":"es","@id":"https:\/\/www.stamm.bio\/#\/schema\/logo\/image\/","url":"https:\/\/www.stamm.bio\/wp-content\/uploads\/2025\/02\/st_logo_green.png","contentUrl":"https:\/\/www.stamm.bio\/wp-content\/uploads\/2025\/02\/st_logo_green.png","width":310,"height":60,"caption":"St\u00e4mm"},"image":{"@id":"https:\/\/www.stamm.bio\/#\/schema\/logo\/image\/"},"sameAs":["https:\/\/x.com\/StammBio","https:\/\/www.instagram.com\/stamm.bio\/","https:\/\/www.linkedin.com\/company\/stammbiotech\/","https:\/\/medium.com\/@StammBio"]}]}},"_links":{"self":[{"href":"https:\/\/www.stamm.bio\/es\/wp-json\/wp\/v2\/pages\/4264","targetHints":{"allow":["GET"]}}],"collection":[{"href":"https:\/\/www.stamm.bio\/es\/wp-json\/wp\/v2\/pages"}],"about":[{"href":"https:\/\/www.stamm.bio\/es\/wp-json\/wp\/v2\/types\/page"}],"author":[{"embeddable":true,"href":"https:\/\/www.stamm.bio\/es\/wp-json\/wp\/v2\/users\/2"}],"replies":[{"embeddable":true,"href":"https:\/\/www.stamm.bio\/es\/wp-json\/wp\/v2\/comments?post=4264"}],"version-history":[{"count":3,"href":"https:\/\/www.stamm.bio\/es\/wp-json\/wp\/v2\/pages\/4264\/revisions"}],"predecessor-version":[{"id":4331,"href":"https:\/\/www.stamm.bio\/es\/wp-json\/wp\/v2\/pages\/4264\/revisions\/4331"}],"wp:attachment":[{"href":"https:\/\/www.stamm.bio\/es\/wp-json\/wp\/v2\/media?parent=4264"}],"curies":[{"name":"wp","href":"https:\/\/api.w.org\/{rel}","templated":true}]}}